{"id":820,"date":"2017-06-04T12:35:26","date_gmt":"2017-06-04T10:35:26","guid":{"rendered":"http:\/\/www.apartments-srima.com\/kako-do-nas\/"},"modified":"2017-07-23T23:52:53","modified_gmt":"2017-07-23T21:52:53","slug":"kako-do-nas","status":"publish","type":"page","link":"http:\/\/www.apartments-srima.com\/sv\/kako-do-nas\/","title":{"rendered":"Reseinfo"},"content":{"rendered":"<div id='av_gmap_1' class='avia-google-map-container' data-mapid='1' style='height: 400px;'><\/div>\n<\/div><\/div><\/div><!-- close content main div --><\/div><\/div><div id='av-tab-section-1' class='av-tab-section-container entry-content-wrapper main_color av-tab-no-transition av-tab-content-auto av-tab-above-content  container_wrap sidebar_right'   ><div class='av-tab-section-outer-container'><div class='av-tab-section-tab-title-container avia-tab-title-padding-default ' ><a href='#Bil' data-av-tab-section-title='1' class='av-section-tab-title av-active-tab-title av-tab-no-icon av-tab-no-image  '><span class='av-outer-tab-title'><span class='av-inner-tab-title'>Bil<\/span><\/span><span class='av-tab-arrow-container'><span><\/span><\/span><\/a><a href='#Flygplan' data-av-tab-section-title='2' class='av-section-tab-title  av-tab-no-icon av-tab-no-image  '><span class='av-outer-tab-title'><span class='av-inner-tab-title'>Flygplan<\/span><\/span><span class='av-tab-arrow-container'><span><\/span><\/span><\/a><a href='#Fartyg' data-av-tab-section-title='3' class='av-section-tab-title  av-tab-no-icon av-tab-no-image  '><span class='av-outer-tab-title'><span class='av-inner-tab-title'>Fartyg<\/span><\/span><span class='av-tab-arrow-container'><span><\/span><\/span><\/a><a href='#Buss' data-av-tab-section-title='4' class='av-section-tab-title  av-tab-no-icon av-tab-no-image  '><span class='av-outer-tab-title'><span class='av-inner-tab-title'>Buss<\/span><\/span><span class='av-tab-arrow-container'><span><\/span><\/span><\/a><a href='#T\u00e5g' data-av-tab-section-title='5' class='av-section-tab-title  av-tab-no-icon av-tab-no-image  '><span class='av-outer-tab-title'><span class='av-inner-tab-title'>T\u00e5g<\/span><\/span><span class='av-tab-arrow-container'><span><\/span><\/span><\/a><\/div><div class='av-tab-section-inner-container avia-section-small' style='width:500vw; left:0%;'><span class='av_prev_tab_section av_tab_navigation'><\/span><span class='av_next_tab_section av_tab_navigation'><\/span>\n<div data-av-tab-section-content=\"1\" class=\"av-layout-tab av-animation-delay-container av-active-tab-content __av_init_open   \" style='vertical-align:top; '  data-tab-section-id=\"Bil\"><div class='av-layout-tab-inner'><div class='container'><section class=\"av_textblock_section\"  itemscope=\"itemscope\" itemtype=\"https:\/\/schema.org\/CreativeWork\" ><div class='avia_textblock '   itemprop=\"text\" ><p>Du kan planera v\u00e4gen till Srima p\u00e5 Via Michelin webbplats: http:\/\/www.viamichelin.com<\/p>\n<p>Information om v\u00e4gar, trafik, reseanvisningar, br\u00e4nslepriser och andra kan erh\u00e5llas p\u00e5 kroatiska bilklubben (HAK) +385 1 4640 800 (kontortid \u00e4r 0-24 \u00e5ret runt) eller du kan bes\u00f6ka deras hemsida http: \/ \/ \/www.hak.hr\/F\u00f6r v\u00e4ghj\u00e4lpa ring 987 om det \u00e4r reparation eller borttagning av fordonet p\u00e5 v\u00e4gen. Tj\u00e4nsterna debiteras enligt HAK-prislistan.<\/p>\n<p>Du kan ocks\u00e5 s\u00f6ka hj\u00e4lp eller information hos de lokala bilklubbarna:<br \/>\nHAK AK \u0160ibenik, Petra Grubi\u0161i\u0107a 9, Sibenik :: tel: +385 22 219 644<br \/>\nHAK Zadar, Zrinsko-Frankopanska 16, Zadar :: tel: +385 23 315 365<\/p>\n<\/div><\/section>\n<\/div><\/div><\/div><div data-av-tab-section-content=\"2\" class=\"av-layout-tab av-animation-delay-container    \" style='vertical-align:top; '  data-tab-section-id=\"Flygplan\"><div class='av-layout-tab-inner'><div class='container'><section class=\"av_textblock_section\"  itemscope=\"itemscope\" itemtype=\"https:\/\/schema.org\/CreativeWork\" ><div class='avia_textblock '   itemprop=\"text\" ><p>www.split-airport.hr<br \/>\nTel: +385 21 203 555<br \/>\nAvst\u00e5ndet fr\u00e5n Split till Vodice \u00e4r 85 km.<\/p>\n<p>www.zadar-airport.hr<br \/>\nTel: +385 23 313 311<br \/>\nAvst\u00e5ndet fr\u00e5n Zadar till Vodice \u00e4r 62 km.<br \/>\nbiljetter<br \/>\nKroatien Airlines &#8211; Split, Obala Hrvatskog narodnog preporoda 9<br \/>\nTel: +385 21 362 997 :: mail: sputo@croatiaairlines.hr<\/p>\n<p>Kroatien Airlines &#8211; Zadar, Poljana Natka Nodila 7<br \/>\nTel: +385 23 250 101 :: mail: zadto@croatiaairlines.hr<\/p>\n<\/div><\/section>\n<\/div><\/div><\/div><div data-av-tab-section-content=\"3\" class=\"av-layout-tab av-animation-delay-container    \" style='vertical-align:top; '  data-tab-section-id=\"Fartyg\"><div class='av-layout-tab-inner'><div class='container'><section class=\"av_textblock_section\"  itemscope=\"itemscope\" itemtype=\"https:\/\/schema.org\/CreativeWork\" ><div class='avia_textblock '   itemprop=\"text\" ><p>Internationella f\u00e4rjelinjer Zadar &#8211; Ancona :: Split &#8211; Ancona<br \/>\nSeglingsschemat finns p\u00e5 Jadrolinijas officiella hemsida: http: \/\/www.jadrolinija.hr\/<\/p>\n<p>biljetter<br \/>\nJadrolinija &#8211; \u0160ibenik, Obala hrvatske mornarice bb :: tel: +385 22 213468<br \/>\nJadrolinija &#8211; Zadar, Liburnijska obala 7 :: tel: +385 23 250 555<br \/>\nJadrolinija &#8211; Split, Gat sv. Duje bb :: tel: +385 21 338 333<\/p>\n<\/div><\/section>\n<\/div><\/div><\/div><div data-av-tab-section-content=\"4\" class=\"av-layout-tab av-animation-delay-container    \" style='vertical-align:top; '  data-tab-section-id=\"Buss\"><div class='av-layout-tab-inner'><div class='container'><section class=\"av_textblock_section\"  itemscope=\"itemscope\" itemtype=\"https:\/\/schema.org\/CreativeWork\" ><div class='avia_textblock '   itemprop=\"text\" ><p>Staden Vodice \u00e4r ansluten till alla st\u00f6rre europeiska st\u00e4der via Zagreb, Sibenik, Zadar och Split buss terminaler.<br \/>\nAnv\u00e4ndbara l\u00e4nkar: www.touring.de :: www.eurolines.com<\/p>\n<p>biljetter:<br \/>\nBus Terminal Vodice<br \/>\nTel: +385 22 443 627<\/p>\n<p>Buss terminal Zadar<br \/>\nTel: +385 23 211-555<br \/>\nTel: +385 23 211 035<br \/>\nFax: +385 23 311-086<br \/>\ne-post: kontakt@liburnija-zadar.hr<\/p>\n<p>Buss terminal Zagreb http:\/\/www.akz.hr\/<br \/>\nTel: +385 (0) 60 313 333<\/p>\n<p>Buss terminal \u0160ibenik<br \/>\nTel: +385 (0) 60 368 368<br \/>\nFax: +385 22 219 892<br \/>\ne-post: autotransport@si.htnet.hr<\/p>\n<p>Bus Terminal Split<br \/>\nTel: +385 21 329-180<br \/>\nFax: +385 21 329-182<br \/>\nhttp:\/\/www.ak-split.hr\/<br \/>\ninfo@ak-split.hr<\/p>\n<\/div><\/section>\n<\/div><\/div><\/div><div data-av-tab-section-content=\"5\" class=\"av-layout-tab av-animation-delay-container    \" style='vertical-align:top; '  data-tab-section-id=\"T\u00e5g\"><div class='av-layout-tab-inner'><div class='container'><section class=\"av_textblock_section\"  itemscope=\"itemscope\" itemtype=\"https:\/\/schema.org\/CreativeWork\" ><div class='avia_textblock '   itemprop=\"text\" ><p>Staden Vodice \u00e4r ansluten till alla st\u00f6rre europeiska st\u00e4der via \u0160ibenik t\u00e5gstation. T\u00e5gschemat finns p\u00e5 Kroatiens j\u00e4rnv\u00e4gs officiella hemsida: http:\/\/www.hznet.hr\/<\/p>\n<p>biljetter<br \/>\nT\u00e5gstation \u0160ibenik :: tel: +385 22 333 696<\/p>\n<\/div><\/section>\n<\/div><\/div><\/div><\/div><\/div><\/div><div class='av-social-sharing-box '><div class='av-share-box'><h5 class='av-share-link-description'>Podijeli s prijateljima<\/h5><ul class='av-share-box-list noLightbox'><li class='av-share-link av-social-link-facebook' ><a target='_blank' href='http:\/\/www.facebook.com\/sharer.php?u=http:\/\/www.apartments-srima.com\/sv\/kako-do-nas\/&amp;t=Reseinfo' aria-hidden='true' data-av_icon='\ue8f3' data-av_iconfont='entypo-fontello' title='' data-avia-related-tooltip='Share on Facebook'><span class='avia_hidden_link_text'>Share on Facebook<\/span><\/a><\/li><li class='av-share-link av-social-link-twitter' ><a target='_blank' href='https:\/\/twitter.com\/share?text=Reseinfo&url=http:\/\/www.apartments-srima.com\/sv\/?p=820' aria-hidden='true' data-av_icon='\ue8f1' data-av_iconfont='entypo-fontello' title='' data-avia-related-tooltip='Share on Twitter'><span class='avia_hidden_link_text'>Share on Twitter<\/span><\/a><\/li><li class='av-share-link av-social-link-gplus' ><a target='_blank' href='https:\/\/plus.google.com\/share?url=http:\/\/www.apartments-srima.com\/sv\/kako-do-nas\/' aria-hidden='true' data-av_icon='\ue8f6' data-av_iconfont='entypo-fontello' title='' data-avia-related-tooltip='Share on Google+'><span class='avia_hidden_link_text'>Share on Google+<\/span><\/a><\/li><li class='av-share-link av-social-link-mail' ><a  href='mailto:?subject=Reseinfo&amp;body=http:\/\/www.apartments-srima.com\/sv\/kako-do-nas\/' aria-hidden='true' data-av_icon='\ue805' data-av_iconfont='entypo-fontello' title='' data-avia-related-tooltip='Share by Mail'><span class='avia_hidden_link_text'>Share by Mail<\/span><\/a><\/li><\/ul><\/div><\/div><\/p>\n","protected":false},"excerpt":{"rendered":"","protected":false},"author":1,"featured_media":0,"parent":0,"menu_order":0,"comment_status":"closed","ping_status":"closed","template":"","meta":[],"acf":[],"yoast_head":"<!-- This site is optimized with the Yoast SEO plugin v19.4 - https:\/\/yoast.com\/wordpress\/plugins\/seo\/ -->\n<title>Reseinfo - Villa D&amp;I<\/title>\n<meta name=\"robots\" content=\"index, follow, max-snippet:-1, max-image-preview:large, max-video-preview:-1\" \/>\n<link rel=\"canonical\" href=\"http:\/\/www.apartments-srima.com\/sv\/kako-do-nas\/\" \/>\n<meta property=\"og:locale\" content=\"sv_SE\" \/>\n<meta property=\"og:type\" content=\"article\" \/>\n<meta property=\"og:title\" content=\"Reseinfo - Villa D&amp;I\" \/>\n<meta property=\"og:url\" content=\"http:\/\/www.apartments-srima.com\/sv\/kako-do-nas\/\" \/>\n<meta property=\"og:site_name\" content=\"Villa D&amp;I\" \/>\n<meta property=\"article:modified_time\" content=\"2017-07-23T21:52:53+00:00\" \/>\n<meta name=\"twitter:card\" content=\"summary_large_image\" \/>\n<meta name=\"twitter:label1\" content=\"Ber\u00e4knad l\u00e4stid\" \/>\n\t<meta name=\"twitter:data1\" content=\"4 minuter\" \/>\n<script type=\"application\/ld+json\" class=\"yoast-schema-graph\">{\"@context\":\"https:\/\/schema.org\",\"@graph\":[{\"@type\":\"WebSite\",\"@id\":\"http:\/\/www.apartments-srima.com\/#website\",\"url\":\"http:\/\/www.apartments-srima.com\/\",\"name\":\"Villa D&amp;I\",\"description\":\"Apartments Srima\",\"potentialAction\":[{\"@type\":\"SearchAction\",\"target\":{\"@type\":\"EntryPoint\",\"urlTemplate\":\"http:\/\/www.apartments-srima.com\/?s={search_term_string}\"},\"query-input\":\"required name=search_term_string\"}],\"inLanguage\":\"sv-SE\"},{\"@type\":\"WebPage\",\"@id\":\"http:\/\/www.apartments-srima.com\/sv\/kako-do-nas\/\",\"url\":\"http:\/\/www.apartments-srima.com\/sv\/kako-do-nas\/\",\"name\":\"Reseinfo - Villa D&amp;I\",\"isPartOf\":{\"@id\":\"http:\/\/www.apartments-srima.com\/#website\"},\"datePublished\":\"2017-06-04T10:35:26+00:00\",\"dateModified\":\"2017-07-23T21:52:53+00:00\",\"breadcrumb\":{\"@id\":\"http:\/\/www.apartments-srima.com\/sv\/kako-do-nas\/#breadcrumb\"},\"inLanguage\":\"sv-SE\",\"potentialAction\":[{\"@type\":\"ReadAction\",\"target\":[\"http:\/\/www.apartments-srima.com\/sv\/kako-do-nas\/\"]}]},{\"@type\":\"BreadcrumbList\",\"@id\":\"http:\/\/www.apartments-srima.com\/sv\/kako-do-nas\/#breadcrumb\",\"itemListElement\":[{\"@type\":\"ListItem\",\"position\":1,\"name\":\"Home\",\"item\":\"http:\/\/www.apartments-srima.com\/sv\/\"},{\"@type\":\"ListItem\",\"position\":2,\"name\":\"Reseinfo\"}]}]}<\/script>\n<!-- \/ Yoast SEO plugin. -->","yoast_head_json":{"title":"Reseinfo - Villa D&amp;I","robots":{"index":"index","follow":"follow","max-snippet":"max-snippet:-1","max-image-preview":"max-image-preview:large","max-video-preview":"max-video-preview:-1"},"canonical":"http:\/\/www.apartments-srima.com\/sv\/kako-do-nas\/","og_locale":"sv_SE","og_type":"article","og_title":"Reseinfo - Villa D&amp;I","og_url":"http:\/\/www.apartments-srima.com\/sv\/kako-do-nas\/","og_site_name":"Villa D&amp;I","article_modified_time":"2017-07-23T21:52:53+00:00","twitter_card":"summary_large_image","twitter_misc":{"Ber\u00e4knad l\u00e4stid":"4 minuter"},"schema":{"@context":"https:\/\/schema.org","@graph":[{"@type":"WebSite","@id":"http:\/\/www.apartments-srima.com\/#website","url":"http:\/\/www.apartments-srima.com\/","name":"Villa D&amp;I","description":"Apartments Srima","potentialAction":[{"@type":"SearchAction","target":{"@type":"EntryPoint","urlTemplate":"http:\/\/www.apartments-srima.com\/?s={search_term_string}"},"query-input":"required name=search_term_string"}],"inLanguage":"sv-SE"},{"@type":"WebPage","@id":"http:\/\/www.apartments-srima.com\/sv\/kako-do-nas\/","url":"http:\/\/www.apartments-srima.com\/sv\/kako-do-nas\/","name":"Reseinfo - Villa D&amp;I","isPartOf":{"@id":"http:\/\/www.apartments-srima.com\/#website"},"datePublished":"2017-06-04T10:35:26+00:00","dateModified":"2017-07-23T21:52:53+00:00","breadcrumb":{"@id":"http:\/\/www.apartments-srima.com\/sv\/kako-do-nas\/#breadcrumb"},"inLanguage":"sv-SE","potentialAction":[{"@type":"ReadAction","target":["http:\/\/www.apartments-srima.com\/sv\/kako-do-nas\/"]}]},{"@type":"BreadcrumbList","@id":"http:\/\/www.apartments-srima.com\/sv\/kako-do-nas\/#breadcrumb","itemListElement":[{"@type":"ListItem","position":1,"name":"Home","item":"http:\/\/www.apartments-srima.com\/sv\/"},{"@type":"ListItem","position":2,"name":"Reseinfo"}]}]}},"_links":{"self":[{"href":"http:\/\/www.apartments-srima.com\/sv\/wp-json\/wp\/v2\/pages\/820"}],"collection":[{"href":"http:\/\/www.apartments-srima.com\/sv\/wp-json\/wp\/v2\/pages"}],"about":[{"href":"http:\/\/www.apartments-srima.com\/sv\/wp-json\/wp\/v2\/types\/page"}],"author":[{"embeddable":true,"href":"http:\/\/www.apartments-srima.com\/sv\/wp-json\/wp\/v2\/users\/1"}],"replies":[{"embeddable":true,"href":"http:\/\/www.apartments-srima.com\/sv\/wp-json\/wp\/v2\/comments?post=820"}],"version-history":[{"count":2,"href":"http:\/\/www.apartments-srima.com\/sv\/wp-json\/wp\/v2\/pages\/820\/revisions"}],"predecessor-version":[{"id":822,"href":"http:\/\/www.apartments-srima.com\/sv\/wp-json\/wp\/v2\/pages\/820\/revisions\/822"}],"wp:attachment":[{"href":"http:\/\/www.apartments-srima.com\/sv\/wp-json\/wp\/v2\/media?parent=820"}],"curies":[{"name":"wp","href":"https:\/\/api.w.org\/{rel}","templated":true}]}}