{"id":805,"date":"2017-05-31T22:27:33","date_gmt":"2017-05-31T20:27:33","guid":{"rendered":"http:\/\/www.apartments-srima.com\/primjer-stranice\/"},"modified":"2017-07-23T23:42:19","modified_gmt":"2017-07-23T21:42:19","slug":"primjer-stranice","status":"publish","type":"page","link":"http:\/\/www.apartments-srima.com\/sv\/primjer-stranice\/","title":{"rendered":"Boende"},"content":{"rendered":"<p><strong>L\u00e4genhet A11 (Penthouse)<\/strong><br \/>\n\u00c4r den st\u00f6rsta. Det har ocks\u00e5 ett sovrum med dubbels\u00e4ng, k\u00f6k, vardagsrum med<br \/>\nVik ut soffa, toalett, badrum med badkar och 24 m2 terrass.<\/p>\n<p><strong>L\u00e4genheter S (A3, A4, A7 och A8)<\/strong><br \/>\nHar sydlig exponering och tv\u00e5 balkonger med utsikt \u00f6ver havet.<\/p>\n<p><strong>L\u00e4genheter N (A1, A2, A5, A6, A9, A10, A12 i A13)<\/strong><br \/>\nAnsikte \u00f6st eller v\u00e4st, de har en balkong och utsikt \u00f6ver havet.<\/p>\n<p>Alla l\u00e4genheter \u00e4r sj\u00e4lvhush\u00e5ll och best\u00e5r av ett dubbelrum, fullt utrustat k\u00f6k, badrum med dusch, vardagsrum med soffor som konverterar till dubbels\u00e4ngar och en eller tv\u00e5 balkonger. Det finns 13 sj\u00e4lvhush\u00e5ll 3-stj\u00e4rniga l\u00e4genheter i olika storlekar och privata parkeringsm\u00f6jligheter f\u00f6r g\u00e4sterna. Alla l\u00e4genheter har ett sovrum och en bekv\u00e4m soffa i vardagsrummet som kan g\u00f6ras till s\u00e4ngs f\u00f6r extra en eller tv\u00e5 personer. Det finns totalt 52 b\u00e4ddar. Alla l\u00e4genheter \u00e4r fullt utrustade med k\u00f6k och badrum. De \u00e4r ocks\u00e5 luftkonditionerade som g\u00f6r din vistelse trevlig under varje s\u00e4song.<\/p>\n","protected":false},"excerpt":{"rendered":"<p>L\u00e4genhet A11 (Penthouse) \u00c4r den st\u00f6rsta. Det har ocks\u00e5 ett sovrum med dubbels\u00e4ng, k\u00f6k, vardagsrum med Vik ut soffa, toalett, badrum med badkar och 24 m2 terrass. L\u00e4genheter S (A3, A4, A7 och A8) Har sydlig exponering och tv\u00e5 balkonger med utsikt \u00f6ver havet. L\u00e4genheter N (A1, A2, A5, A6, A9, A10, A12 i A13) [&hellip;]<\/p>\n","protected":false},"author":1,"featured_media":0,"parent":0,"menu_order":0,"comment_status":"closed","ping_status":"open","template":"","meta":[],"acf":[],"yoast_head":"<!-- This site is optimized with the Yoast SEO plugin v19.4 - https:\/\/yoast.com\/wordpress\/plugins\/seo\/ -->\n<title>Boende - Villa D&amp;I<\/title>\n<meta name=\"robots\" content=\"index, follow, max-snippet:-1, max-image-preview:large, max-video-preview:-1\" \/>\n<link rel=\"canonical\" href=\"http:\/\/www.apartments-srima.com\/sv\/primjer-stranice\/\" \/>\n<meta property=\"og:locale\" content=\"sv_SE\" \/>\n<meta property=\"og:type\" content=\"article\" \/>\n<meta property=\"og:title\" content=\"Boende - Villa D&amp;I\" \/>\n<meta property=\"og:description\" content=\"L\u00e4genhet A11 (Penthouse) \u00c4r den st\u00f6rsta. Det har ocks\u00e5 ett sovrum med dubbels\u00e4ng, k\u00f6k, vardagsrum med Vik ut soffa, toalett, badrum med badkar och 24 m2 terrass. L\u00e4genheter S (A3, A4, A7 och A8) Har sydlig exponering och tv\u00e5 balkonger med utsikt \u00f6ver havet. L\u00e4genheter N (A1, A2, A5, A6, A9, A10, A12 i A13) [&hellip;]\" \/>\n<meta property=\"og:url\" content=\"http:\/\/www.apartments-srima.com\/sv\/primjer-stranice\/\" \/>\n<meta property=\"og:site_name\" content=\"Villa D&amp;I\" \/>\n<meta property=\"article:modified_time\" content=\"2017-07-23T21:42:19+00:00\" \/>\n<meta name=\"twitter:card\" content=\"summary_large_image\" \/>\n<meta name=\"twitter:label1\" content=\"Ber\u00e4knad l\u00e4stid\" \/>\n\t<meta name=\"twitter:data1\" content=\"1 minut\" \/>\n<script type=\"application\/ld+json\" class=\"yoast-schema-graph\">{\"@context\":\"https:\/\/schema.org\",\"@graph\":[{\"@type\":\"WebSite\",\"@id\":\"http:\/\/www.apartments-srima.com\/#website\",\"url\":\"http:\/\/www.apartments-srima.com\/\",\"name\":\"Villa D&amp;I\",\"description\":\"Apartments Srima\",\"potentialAction\":[{\"@type\":\"SearchAction\",\"target\":{\"@type\":\"EntryPoint\",\"urlTemplate\":\"http:\/\/www.apartments-srima.com\/?s={search_term_string}\"},\"query-input\":\"required name=search_term_string\"}],\"inLanguage\":\"sv-SE\"},{\"@type\":\"WebPage\",\"@id\":\"http:\/\/www.apartments-srima.com\/sv\/primjer-stranice\/\",\"url\":\"http:\/\/www.apartments-srima.com\/sv\/primjer-stranice\/\",\"name\":\"Boende - Villa D&amp;I\",\"isPartOf\":{\"@id\":\"http:\/\/www.apartments-srima.com\/#website\"},\"datePublished\":\"2017-05-31T20:27:33+00:00\",\"dateModified\":\"2017-07-23T21:42:19+00:00\",\"breadcrumb\":{\"@id\":\"http:\/\/www.apartments-srima.com\/sv\/primjer-stranice\/#breadcrumb\"},\"inLanguage\":\"sv-SE\",\"potentialAction\":[{\"@type\":\"ReadAction\",\"target\":[\"http:\/\/www.apartments-srima.com\/sv\/primjer-stranice\/\"]}]},{\"@type\":\"BreadcrumbList\",\"@id\":\"http:\/\/www.apartments-srima.com\/sv\/primjer-stranice\/#breadcrumb\",\"itemListElement\":[{\"@type\":\"ListItem\",\"position\":1,\"name\":\"Home\",\"item\":\"http:\/\/www.apartments-srima.com\/sv\/\"},{\"@type\":\"ListItem\",\"position\":2,\"name\":\"Boende\"}]}]}<\/script>\n<!-- \/ Yoast SEO plugin. -->","yoast_head_json":{"title":"Boende - Villa D&amp;I","robots":{"index":"index","follow":"follow","max-snippet":"max-snippet:-1","max-image-preview":"max-image-preview:large","max-video-preview":"max-video-preview:-1"},"canonical":"http:\/\/www.apartments-srima.com\/sv\/primjer-stranice\/","og_locale":"sv_SE","og_type":"article","og_title":"Boende - Villa D&amp;I","og_description":"L\u00e4genhet A11 (Penthouse) \u00c4r den st\u00f6rsta. Det har ocks\u00e5 ett sovrum med dubbels\u00e4ng, k\u00f6k, vardagsrum med Vik ut soffa, toalett, badrum med badkar och 24 m2 terrass. L\u00e4genheter S (A3, A4, A7 och A8) Har sydlig exponering och tv\u00e5 balkonger med utsikt \u00f6ver havet. L\u00e4genheter N (A1, A2, A5, A6, A9, A10, A12 i A13) [&hellip;]","og_url":"http:\/\/www.apartments-srima.com\/sv\/primjer-stranice\/","og_site_name":"Villa D&amp;I","article_modified_time":"2017-07-23T21:42:19+00:00","twitter_card":"summary_large_image","twitter_misc":{"Ber\u00e4knad l\u00e4stid":"1 minut"},"schema":{"@context":"https:\/\/schema.org","@graph":[{"@type":"WebSite","@id":"http:\/\/www.apartments-srima.com\/#website","url":"http:\/\/www.apartments-srima.com\/","name":"Villa D&amp;I","description":"Apartments Srima","potentialAction":[{"@type":"SearchAction","target":{"@type":"EntryPoint","urlTemplate":"http:\/\/www.apartments-srima.com\/?s={search_term_string}"},"query-input":"required name=search_term_string"}],"inLanguage":"sv-SE"},{"@type":"WebPage","@id":"http:\/\/www.apartments-srima.com\/sv\/primjer-stranice\/","url":"http:\/\/www.apartments-srima.com\/sv\/primjer-stranice\/","name":"Boende - Villa D&amp;I","isPartOf":{"@id":"http:\/\/www.apartments-srima.com\/#website"},"datePublished":"2017-05-31T20:27:33+00:00","dateModified":"2017-07-23T21:42:19+00:00","breadcrumb":{"@id":"http:\/\/www.apartments-srima.com\/sv\/primjer-stranice\/#breadcrumb"},"inLanguage":"sv-SE","potentialAction":[{"@type":"ReadAction","target":["http:\/\/www.apartments-srima.com\/sv\/primjer-stranice\/"]}]},{"@type":"BreadcrumbList","@id":"http:\/\/www.apartments-srima.com\/sv\/primjer-stranice\/#breadcrumb","itemListElement":[{"@type":"ListItem","position":1,"name":"Home","item":"http:\/\/www.apartments-srima.com\/sv\/"},{"@type":"ListItem","position":2,"name":"Boende"}]}]}},"_links":{"self":[{"href":"http:\/\/www.apartments-srima.com\/sv\/wp-json\/wp\/v2\/pages\/805"}],"collection":[{"href":"http:\/\/www.apartments-srima.com\/sv\/wp-json\/wp\/v2\/pages"}],"about":[{"href":"http:\/\/www.apartments-srima.com\/sv\/wp-json\/wp\/v2\/types\/page"}],"author":[{"embeddable":true,"href":"http:\/\/www.apartments-srima.com\/sv\/wp-json\/wp\/v2\/users\/1"}],"replies":[{"embeddable":true,"href":"http:\/\/www.apartments-srima.com\/sv\/wp-json\/wp\/v2\/comments?post=805"}],"version-history":[{"count":2,"href":"http:\/\/www.apartments-srima.com\/sv\/wp-json\/wp\/v2\/pages\/805\/revisions"}],"predecessor-version":[{"id":812,"href":"http:\/\/www.apartments-srima.com\/sv\/wp-json\/wp\/v2\/pages\/805\/revisions\/812"}],"wp:attachment":[{"href":"http:\/\/www.apartments-srima.com\/sv\/wp-json\/wp\/v2\/media?parent=805"}],"curies":[{"name":"wp","href":"https:\/\/api.w.org\/{rel}","templated":true}]}}