{"id":645,"date":"2014-08-24T17:14:26","date_gmt":"2014-08-24T17:14:26","guid":{"rendered":"http:\/\/www.apartments-srima.com\/o-nama\/"},"modified":"2017-07-23T13:58:56","modified_gmt":"2017-07-23T11:58:56","slug":"o-nama","status":"publish","type":"page","link":"http:\/\/www.apartments-srima.com\/sv\/o-nama\/","title":{"rendered":"Om oss"},"content":{"rendered":"<\/div><\/div><\/div><!-- close content main div --><\/div><\/div><div id='av_section_1' class='avia-section main_color avia-section-large avia-no-border-styling avia-full-stretch av-section-color-overlay-active avia-bg-style-scroll  container_wrap sidebar_right' style = 'background-repeat: no-repeat; background-image: url(http:\/\/www.apartments-srima.com\/wp-content\/uploads\/2014\/08\/balkon.jpg); background-attachment: scroll; background-position: center center; ' data-section-bg-repeat='stretch' ><div class='av-section-color-overlay-wrap'><div class='av-section-color-overlay' style='opacity: 0.4; background-color: #000000; '><\/div><div class='container' ><div class='template-page content  av-content-small alpha units'><div class='post-entry post-entry-type-page post-entry-645'><div class='entry-content-wrapper clearfix'>\n<div style='padding-bottom:10px;color:#ffffff;font-size:70px;' class='av-special-heading av-special-heading-h6 custom-color-heading blockquote modern-quote modern-centered  av-inherit-size'><h6 class='av-special-heading-tag'  itemprop=\"headline\"  >Om oss<\/h6><div class='special-heading-border'><div class='special-heading-inner-border' style='border-color:#ffffff'><\/div><\/div><\/div>\n<\/div><\/div><\/div><!-- close content main div --><\/div><\/div><\/div><div id='after_section_1' class='main_color av_default_container_wrap container_wrap sidebar_right'   ><div class='container' ><div class='template-page content  av-content-small alpha units'><div class='post-entry post-entry-type-page post-entry-645'><div class='entry-content-wrapper clearfix'><\/div><\/div><\/div><!-- close content main div --><\/div><\/div><div id='av_section_2' class='avia-section main_color avia-section-default avia-no-shadow avia-bg-style-scroll  container_wrap sidebar_right'   ><div class='container' ><div class='template-page content  av-content-small alpha units'><div class='post-entry post-entry-type-page post-entry-645'><div class='entry-content-wrapper clearfix'>\n<div class=\"flex_column av_one_half  av-animated-generic bottom-to-top  flex_column_div av-zero-column-padding first  \" style='border-radius:0px; '><section class=\"av_textblock_section\"  itemscope=\"itemscope\" itemtype=\"https:\/\/schema.org\/CreativeWork\" ><div class='avia_textblock '   itemprop=\"text\" ><p>Vare sig Ni s\u00f6ker en lugn eller aktiv semester \u00e4r Srima den r\u00e4tta platsen f\u00f6r Er. Villa D&amp;I\u00a0 ligger invid stranden i\u00a0 Srima, en del av staden Vodice. Fr\u00e5n dess f\u00f6nster och balkonger har man en underbar utsikt \u00f6ver havet, \u00f6n Prvic och staden Vodice.<\/p>\n<p>Det finns 13 trestj\u00e4rniga l\u00e4genheter av olika storlekar och parkeringsplatser f\u00f6r g\u00e4sterna. Alla l\u00e4genheterna har ett sovrum och vardagsrum med b\u00e4ddsoffa som kan anv\u00e4ndas som b\u00e4dd f\u00f6r en eller tv\u00e5 personer, vilket inneb\u00e4r totalt 52 b\u00e4ddplatser f\u00f6rdelade p\u00e5 de 13 l\u00e4genheterna.\u00a0 Alla har fullt utrustade k\u00f6k\u00a0 och badrum. L\u00e4genheterna \u00e4r luftkonditionerade, vilket g\u00f6r vistelsen behaglig oavsett s\u00e4song. Grupper eller enstaka g\u00e4ster \u00e4r v\u00e4lkomna \u00e5ret runt.<\/p>\n<\/div><\/section><\/div><div class=\"flex_column av_one_half  av-animated-generic bottom-to-top  flex_column_div av-zero-column-padding   \" style='border-radius:0px; '><section class=\"av_textblock_section\"  itemscope=\"itemscope\" itemtype=\"https:\/\/schema.org\/CreativeWork\" ><div class='avia_textblock '   itemprop=\"text\" ><p>I byggnaden finns Bistro-Pizzeria \u201dIvo\u201d och g\u00e4sterna kan d\u00e4rf\u00f6r under sommar\u00e4songen v\u00e4lja mellan sj\u00e4lvhush\u00e5ll, hel- eller halvpension. Under resten av \u00e5ret erbjuds sj\u00e4lvhush\u00e5ll. G\u00e4sterna kan hyra liggstolar, parasoller och cyklar.\u00a0 Villan ligger ett stenkast fr\u00e5n stranden och en kort promenad leder till centrum i den pittoreska staden Vodice, v\u00e4lk\u00e4nd turistort i Dalmatien. Vodice \u00e4r fyllt med kaf\u00e9er och restauranger av olika slag och strax utanf\u00f6r staden ligger Kroatiens st\u00f6rsta diskotek. Staden Sibenik med sitt\u00a0 rika\u00a0 kulturarv och den natursk\u00f6na nationalparken Krka \u00e4r bara kilometer borta.<\/p>\n<p>Om man s\u00f6ker en lugn semester, eller en aktiv, med sp\u00e4nnande nattliv eller utflykter och sportaktiviteter p\u00e5 dagarna, d\u00e5 \u00e4r Srima\u00a0 r\u00e4tt resm\u00e5l.<\/p>\n<\/div><\/section><\/div><\/div><\/div><\/div><!-- close content main div --><\/div><\/div><div id='after_section_2' class='main_color av_default_container_wrap container_wrap sidebar_right'   ><div class='container' ><div class='template-page content  av-content-small alpha units'><div class='post-entry post-entry-type-page post-entry-645'><div class='entry-content-wrapper clearfix'><\/p>\n","protected":false},"excerpt":{"rendered":"","protected":false},"author":1,"featured_media":0,"parent":0,"menu_order":0,"comment_status":"open","ping_status":"open","template":"","meta":[],"acf":[],"yoast_head":"<!-- This site is optimized with the Yoast SEO plugin v19.4 - https:\/\/yoast.com\/wordpress\/plugins\/seo\/ -->\n<title>Om oss - Villa D&amp;I<\/title>\n<meta name=\"robots\" content=\"index, follow, max-snippet:-1, max-image-preview:large, max-video-preview:-1\" \/>\n<link rel=\"canonical\" href=\"http:\/\/www.apartments-srima.com\/sv\/o-nama\/\" \/>\n<meta property=\"og:locale\" content=\"sv_SE\" \/>\n<meta property=\"og:type\" content=\"article\" \/>\n<meta property=\"og:title\" content=\"Om oss - Villa D&amp;I\" \/>\n<meta property=\"og:url\" content=\"http:\/\/www.apartments-srima.com\/sv\/o-nama\/\" \/>\n<meta property=\"og:site_name\" content=\"Villa D&amp;I\" \/>\n<meta property=\"article:modified_time\" content=\"2017-07-23T11:58:56+00:00\" \/>\n<meta name=\"twitter:card\" content=\"summary_large_image\" \/>\n<meta name=\"twitter:label1\" content=\"Ber\u00e4knad l\u00e4stid\" \/>\n\t<meta name=\"twitter:data1\" content=\"3 minuter\" \/>\n<script type=\"application\/ld+json\" class=\"yoast-schema-graph\">{\"@context\":\"https:\/\/schema.org\",\"@graph\":[{\"@type\":\"WebSite\",\"@id\":\"http:\/\/www.apartments-srima.com\/#website\",\"url\":\"http:\/\/www.apartments-srima.com\/\",\"name\":\"Villa D&amp;I\",\"description\":\"Apartments Srima\",\"potentialAction\":[{\"@type\":\"SearchAction\",\"target\":{\"@type\":\"EntryPoint\",\"urlTemplate\":\"http:\/\/www.apartments-srima.com\/?s={search_term_string}\"},\"query-input\":\"required name=search_term_string\"}],\"inLanguage\":\"sv-SE\"},{\"@type\":\"WebPage\",\"@id\":\"http:\/\/www.apartments-srima.com\/sv\/o-nama\/\",\"url\":\"http:\/\/www.apartments-srima.com\/sv\/o-nama\/\",\"name\":\"Om oss - Villa D&amp;I\",\"isPartOf\":{\"@id\":\"http:\/\/www.apartments-srima.com\/#website\"},\"datePublished\":\"2014-08-24T17:14:26+00:00\",\"dateModified\":\"2017-07-23T11:58:56+00:00\",\"breadcrumb\":{\"@id\":\"http:\/\/www.apartments-srima.com\/sv\/o-nama\/#breadcrumb\"},\"inLanguage\":\"sv-SE\",\"potentialAction\":[{\"@type\":\"ReadAction\",\"target\":[\"http:\/\/www.apartments-srima.com\/sv\/o-nama\/\"]}]},{\"@type\":\"BreadcrumbList\",\"@id\":\"http:\/\/www.apartments-srima.com\/sv\/o-nama\/#breadcrumb\",\"itemListElement\":[{\"@type\":\"ListItem\",\"position\":1,\"name\":\"Home\",\"item\":\"http:\/\/www.apartments-srima.com\/sv\/\"},{\"@type\":\"ListItem\",\"position\":2,\"name\":\"Om oss\"}]}]}<\/script>\n<!-- \/ Yoast SEO plugin. -->","yoast_head_json":{"title":"Om oss - Villa D&amp;I","robots":{"index":"index","follow":"follow","max-snippet":"max-snippet:-1","max-image-preview":"max-image-preview:large","max-video-preview":"max-video-preview:-1"},"canonical":"http:\/\/www.apartments-srima.com\/sv\/o-nama\/","og_locale":"sv_SE","og_type":"article","og_title":"Om oss - Villa D&amp;I","og_url":"http:\/\/www.apartments-srima.com\/sv\/o-nama\/","og_site_name":"Villa D&amp;I","article_modified_time":"2017-07-23T11:58:56+00:00","twitter_card":"summary_large_image","twitter_misc":{"Ber\u00e4knad l\u00e4stid":"3 minuter"},"schema":{"@context":"https:\/\/schema.org","@graph":[{"@type":"WebSite","@id":"http:\/\/www.apartments-srima.com\/#website","url":"http:\/\/www.apartments-srima.com\/","name":"Villa D&amp;I","description":"Apartments Srima","potentialAction":[{"@type":"SearchAction","target":{"@type":"EntryPoint","urlTemplate":"http:\/\/www.apartments-srima.com\/?s={search_term_string}"},"query-input":"required name=search_term_string"}],"inLanguage":"sv-SE"},{"@type":"WebPage","@id":"http:\/\/www.apartments-srima.com\/sv\/o-nama\/","url":"http:\/\/www.apartments-srima.com\/sv\/o-nama\/","name":"Om oss - Villa D&amp;I","isPartOf":{"@id":"http:\/\/www.apartments-srima.com\/#website"},"datePublished":"2014-08-24T17:14:26+00:00","dateModified":"2017-07-23T11:58:56+00:00","breadcrumb":{"@id":"http:\/\/www.apartments-srima.com\/sv\/o-nama\/#breadcrumb"},"inLanguage":"sv-SE","potentialAction":[{"@type":"ReadAction","target":["http:\/\/www.apartments-srima.com\/sv\/o-nama\/"]}]},{"@type":"BreadcrumbList","@id":"http:\/\/www.apartments-srima.com\/sv\/o-nama\/#breadcrumb","itemListElement":[{"@type":"ListItem","position":1,"name":"Home","item":"http:\/\/www.apartments-srima.com\/sv\/"},{"@type":"ListItem","position":2,"name":"Om oss"}]}]}},"_links":{"self":[{"href":"http:\/\/www.apartments-srima.com\/sv\/wp-json\/wp\/v2\/pages\/645"}],"collection":[{"href":"http:\/\/www.apartments-srima.com\/sv\/wp-json\/wp\/v2\/pages"}],"about":[{"href":"http:\/\/www.apartments-srima.com\/sv\/wp-json\/wp\/v2\/types\/page"}],"author":[{"embeddable":true,"href":"http:\/\/www.apartments-srima.com\/sv\/wp-json\/wp\/v2\/users\/1"}],"replies":[{"embeddable":true,"href":"http:\/\/www.apartments-srima.com\/sv\/wp-json\/wp\/v2\/comments?post=645"}],"version-history":[{"count":1,"href":"http:\/\/www.apartments-srima.com\/sv\/wp-json\/wp\/v2\/pages\/645\/revisions"}],"predecessor-version":[{"id":646,"href":"http:\/\/www.apartments-srima.com\/sv\/wp-json\/wp\/v2\/pages\/645\/revisions\/646"}],"wp:attachment":[{"href":"http:\/\/www.apartments-srima.com\/sv\/wp-json\/wp\/v2\/media?parent=645"}],"curies":[{"name":"wp","href":"https:\/\/api.w.org\/{rel}","templated":true}]}}