{"id":642,"date":"2017-06-04T12:34:31","date_gmt":"2017-06-04T10:34:31","guid":{"rendered":"http:\/\/www.apartments-srima.com\/srima\/"},"modified":"2017-07-23T13:57:08","modified_gmt":"2017-07-23T11:57:08","slug":"srima","status":"publish","type":"page","link":"http:\/\/www.apartments-srima.com\/sv\/srima\/","title":{"rendered":"Srima"},"content":{"rendered":"<\/div><\/div><\/div><!-- close content main div --><\/div><\/div><div id='av_section_1' class='avia-section main_color avia-section-large avia-no-border-styling avia-full-stretch av-section-color-overlay-active avia-bg-style-scroll  container_wrap sidebar_right' style = 'background-repeat: no-repeat; background-image: url(http:\/\/www.apartments-srima.com\/wp-content\/uploads\/2017\/06\/srima-1.jpg); background-attachment: scroll; background-position: center center; ' data-section-bg-repeat='stretch' ><div class='av-section-color-overlay-wrap'><div class='av-section-color-overlay' style='opacity: 0.4; background-color: #000000; '><\/div><div class='container' ><div class='template-page content  av-content-small alpha units'><div class='post-entry post-entry-type-page post-entry-642'><div class='entry-content-wrapper clearfix'>\n<div style='padding-bottom:10px;color:#ffffff;font-size:70px;' class='av-special-heading av-special-heading-h6 custom-color-heading blockquote modern-quote modern-centered  av-inherit-size'><h6 class='av-special-heading-tag'  itemprop=\"headline\"  >Srima<\/h6><div class='special-heading-border'><div class='special-heading-inner-border' style='border-color:#ffffff'><\/div><\/div><\/div>\n<\/div><\/div><\/div><!-- close content main div --><\/div><\/div><\/div><div id='after_section_1' class='main_color av_default_container_wrap container_wrap sidebar_right'   ><div class='container' ><div class='template-page content  av-content-small alpha units'><div class='post-entry post-entry-type-page post-entry-642'><div class='entry-content-wrapper clearfix'>\n<\/div><\/div><\/div><!-- close content main div --><\/div><\/div><div id='av_section_2' class='avia-section main_color avia-section-default avia-no-shadow avia-bg-style-scroll  container_wrap sidebar_right'   ><div class='container' ><div class='template-page content  av-content-small alpha units'><div class='post-entry post-entry-type-page post-entry-642'><div class='entry-content-wrapper clearfix'>\n<div class=\"flex_column av_one_half  av-animated-generic bottom-to-top  flex_column_div av-zero-column-padding first  \" style='border-radius:0px; '><section class=\"av_textblock_section\"  itemscope=\"itemscope\" itemtype=\"https:\/\/schema.org\/CreativeWork\" ><div class='avia_textblock '   itemprop=\"text\" ><p>Srima \u00e4r en del av staden Vodice vid Adriatiska havet i hj\u00e4rtat av Dalmatien.\u00a0 H\u00e4r kan man finna m\u00e5nga natursk\u00f6na platser och sp\u00e5r av en rik historia i medelhavsarkitektur och historiska monument.<\/p>\n<p>Den som vill uppt\u00e4cka och uppleva beh\u00f6ver inte g\u00e5 l\u00e5ngt f\u00f6r att hitta ett brett utbud av attraktioner: det livliga Vodice;\u00a0 staden Sibenik, k\u00e4nd f\u00f6r katedralen som finns med p\u00e5 Unesco:s v\u00e4rldsarvslista;\u00a0 det pittoreska Skradin invid floden Krka; nationalparken Krka med de underbara vattenfallen; den unika arkipelagen Kornati, ocks\u00e5 den nationalpark.<\/p>\n<\/div><\/section><\/div><div class=\"flex_column av_one_half  av-animated-generic bottom-to-top  flex_column_div av-zero-column-padding   \" style='border-radius:0px; '><section class=\"av_textblock_section\"  itemscope=\"itemscope\" itemtype=\"https:\/\/schema.org\/CreativeWork\" ><div class='avia_textblock '   itemprop=\"text\" ><p>L\u00e4s mera om dessa platser h\u00e4r:<\/p>\n<p><a title=\"Vodice\" href=\"http:\/\/www.vodice.hr\/\" target=\"_blank\" rel=\"noopener noreferrer\">http:\/\/www.vodice.hr<\/a><br \/>\n<a title=\"Kornati\" href=\"http:\/\/www.kornati.hr\/\" target=\"_blank\" rel=\"noopener noreferrer\">http:\/\/www.kornati.hr<\/a><br \/>\n<a title=\"Krka\" href=\"http:\/\/www.npkrka.hr\/\" target=\"_blank\" rel=\"noopener noreferrer\">http:\/\/www.npkrka.hr<\/a><\/p>\n<\/div><\/section><\/div><\/div><\/div><\/div><!-- close content main div --><\/div><\/div><div id='after_section_2' class='main_color av_default_container_wrap container_wrap sidebar_right'   ><div class='container' ><div class='template-page content  av-content-small alpha units'><div class='post-entry post-entry-type-page post-entry-642'><div class='entry-content-wrapper clearfix'>\n","protected":false},"excerpt":{"rendered":"","protected":false},"author":1,"featured_media":0,"parent":0,"menu_order":0,"comment_status":"closed","ping_status":"closed","template":"","meta":[],"acf":[],"yoast_head":"<!-- This site is optimized with the Yoast SEO plugin v19.4 - https:\/\/yoast.com\/wordpress\/plugins\/seo\/ -->\n<title>Srima - Villa D&amp;I<\/title>\n<meta name=\"robots\" content=\"index, follow, max-snippet:-1, max-image-preview:large, max-video-preview:-1\" \/>\n<link rel=\"canonical\" href=\"http:\/\/www.apartments-srima.com\/sv\/srima\/\" \/>\n<meta property=\"og:locale\" content=\"sv_SE\" \/>\n<meta property=\"og:type\" content=\"article\" \/>\n<meta property=\"og:title\" content=\"Srima - Villa D&amp;I\" \/>\n<meta property=\"og:url\" content=\"http:\/\/www.apartments-srima.com\/sv\/srima\/\" \/>\n<meta property=\"og:site_name\" content=\"Villa D&amp;I\" \/>\n<meta property=\"article:modified_time\" content=\"2017-07-23T11:57:08+00:00\" \/>\n<meta name=\"twitter:card\" content=\"summary_large_image\" \/>\n<meta name=\"twitter:label1\" content=\"Ber\u00e4knad l\u00e4stid\" \/>\n\t<meta name=\"twitter:data1\" content=\"2 minuter\" \/>\n<script type=\"application\/ld+json\" class=\"yoast-schema-graph\">{\"@context\":\"https:\/\/schema.org\",\"@graph\":[{\"@type\":\"WebSite\",\"@id\":\"http:\/\/www.apartments-srima.com\/#website\",\"url\":\"http:\/\/www.apartments-srima.com\/\",\"name\":\"Villa D&amp;I\",\"description\":\"Apartments Srima\",\"potentialAction\":[{\"@type\":\"SearchAction\",\"target\":{\"@type\":\"EntryPoint\",\"urlTemplate\":\"http:\/\/www.apartments-srima.com\/?s={search_term_string}\"},\"query-input\":\"required name=search_term_string\"}],\"inLanguage\":\"sv-SE\"},{\"@type\":\"WebPage\",\"@id\":\"http:\/\/www.apartments-srima.com\/sv\/srima\/\",\"url\":\"http:\/\/www.apartments-srima.com\/sv\/srima\/\",\"name\":\"Srima - Villa D&amp;I\",\"isPartOf\":{\"@id\":\"http:\/\/www.apartments-srima.com\/#website\"},\"datePublished\":\"2017-06-04T10:34:31+00:00\",\"dateModified\":\"2017-07-23T11:57:08+00:00\",\"breadcrumb\":{\"@id\":\"http:\/\/www.apartments-srima.com\/sv\/srima\/#breadcrumb\"},\"inLanguage\":\"sv-SE\",\"potentialAction\":[{\"@type\":\"ReadAction\",\"target\":[\"http:\/\/www.apartments-srima.com\/sv\/srima\/\"]}]},{\"@type\":\"BreadcrumbList\",\"@id\":\"http:\/\/www.apartments-srima.com\/sv\/srima\/#breadcrumb\",\"itemListElement\":[{\"@type\":\"ListItem\",\"position\":1,\"name\":\"Home\",\"item\":\"http:\/\/www.apartments-srima.com\/sv\/\"},{\"@type\":\"ListItem\",\"position\":2,\"name\":\"Srima\"}]}]}<\/script>\n<!-- \/ Yoast SEO plugin. -->","yoast_head_json":{"title":"Srima - Villa D&amp;I","robots":{"index":"index","follow":"follow","max-snippet":"max-snippet:-1","max-image-preview":"max-image-preview:large","max-video-preview":"max-video-preview:-1"},"canonical":"http:\/\/www.apartments-srima.com\/sv\/srima\/","og_locale":"sv_SE","og_type":"article","og_title":"Srima - Villa D&amp;I","og_url":"http:\/\/www.apartments-srima.com\/sv\/srima\/","og_site_name":"Villa D&amp;I","article_modified_time":"2017-07-23T11:57:08+00:00","twitter_card":"summary_large_image","twitter_misc":{"Ber\u00e4knad l\u00e4stid":"2 minuter"},"schema":{"@context":"https:\/\/schema.org","@graph":[{"@type":"WebSite","@id":"http:\/\/www.apartments-srima.com\/#website","url":"http:\/\/www.apartments-srima.com\/","name":"Villa D&amp;I","description":"Apartments Srima","potentialAction":[{"@type":"SearchAction","target":{"@type":"EntryPoint","urlTemplate":"http:\/\/www.apartments-srima.com\/?s={search_term_string}"},"query-input":"required name=search_term_string"}],"inLanguage":"sv-SE"},{"@type":"WebPage","@id":"http:\/\/www.apartments-srima.com\/sv\/srima\/","url":"http:\/\/www.apartments-srima.com\/sv\/srima\/","name":"Srima - Villa D&amp;I","isPartOf":{"@id":"http:\/\/www.apartments-srima.com\/#website"},"datePublished":"2017-06-04T10:34:31+00:00","dateModified":"2017-07-23T11:57:08+00:00","breadcrumb":{"@id":"http:\/\/www.apartments-srima.com\/sv\/srima\/#breadcrumb"},"inLanguage":"sv-SE","potentialAction":[{"@type":"ReadAction","target":["http:\/\/www.apartments-srima.com\/sv\/srima\/"]}]},{"@type":"BreadcrumbList","@id":"http:\/\/www.apartments-srima.com\/sv\/srima\/#breadcrumb","itemListElement":[{"@type":"ListItem","position":1,"name":"Home","item":"http:\/\/www.apartments-srima.com\/sv\/"},{"@type":"ListItem","position":2,"name":"Srima"}]}]}},"_links":{"self":[{"href":"http:\/\/www.apartments-srima.com\/sv\/wp-json\/wp\/v2\/pages\/642"}],"collection":[{"href":"http:\/\/www.apartments-srima.com\/sv\/wp-json\/wp\/v2\/pages"}],"about":[{"href":"http:\/\/www.apartments-srima.com\/sv\/wp-json\/wp\/v2\/types\/page"}],"author":[{"embeddable":true,"href":"http:\/\/www.apartments-srima.com\/sv\/wp-json\/wp\/v2\/users\/1"}],"replies":[{"embeddable":true,"href":"http:\/\/www.apartments-srima.com\/sv\/wp-json\/wp\/v2\/comments?post=642"}],"version-history":[{"count":1,"href":"http:\/\/www.apartments-srima.com\/sv\/wp-json\/wp\/v2\/pages\/642\/revisions"}],"predecessor-version":[{"id":643,"href":"http:\/\/www.apartments-srima.com\/sv\/wp-json\/wp\/v2\/pages\/642\/revisions\/643"}],"wp:attachment":[{"href":"http:\/\/www.apartments-srima.com\/sv\/wp-json\/wp\/v2\/media?parent=642"}],"curies":[{"name":"wp","href":"https:\/\/api.w.org\/{rel}","templated":true}]}}