{"id":663,"date":"2014-08-24T17:14:26","date_gmt":"2014-08-24T17:14:26","guid":{"rendered":"http:\/\/www.apartments-srima.com\/o-nama\/"},"modified":"2017-07-23T15:27:00","modified_gmt":"2017-07-23T13:27:00","slug":"o-nama","status":"publish","type":"page","link":"http:\/\/www.apartments-srima.com\/it\/o-nama\/","title":{"rendered":"Chi siamo"},"content":{"rendered":"<\/div><\/div><\/div><!-- close content main div --><\/div><\/div><div id='av_section_1' class='avia-section main_color avia-section-large avia-no-border-styling avia-full-stretch av-section-color-overlay-active avia-bg-style-scroll  container_wrap fullsize' style = 'background-repeat: no-repeat; background-image: url(http:\/\/www.apartments-srima.com\/wp-content\/uploads\/2014\/08\/balkon.jpg); background-attachment: scroll; background-position: center center; ' data-section-bg-repeat='stretch' ><div class='av-section-color-overlay-wrap'><div class='av-section-color-overlay' style='opacity: 0.4; background-color: #000000; '><\/div><div class='container' ><div class='template-page content  av-content-full alpha units'><div class='post-entry post-entry-type-page post-entry-663'><div class='entry-content-wrapper clearfix'>\n<div style='padding-bottom:10px;color:#ffffff;font-size:70px;' class='av-special-heading av-special-heading-h6 custom-color-heading blockquote modern-quote modern-centered  av-inherit-size'><h6 class='av-special-heading-tag'  itemprop=\"headline\"  >Chi siamo<\/h6><div class='special-heading-border'><div class='special-heading-inner-border' style='border-color:#ffffff'><\/div><\/div><\/div>\n<\/div><\/div><\/div><!-- close content main div --><\/div><\/div><\/div><div id='av_section_2' class='avia-section main_color avia-section-default avia-no-shadow avia-bg-style-scroll  container_wrap fullsize'   ><div class='container' ><div class='template-page content  av-content-full alpha units'><div class='post-entry post-entry-type-page post-entry-663'><div class='entry-content-wrapper clearfix'>\n<div class=\"flex_column av_one_half  av-animated-generic bottom-to-top  flex_column_div av-zero-column-padding first  \" style='border-radius:0px; '><section class=\"av_textblock_section\"  itemscope=\"itemscope\" itemtype=\"https:\/\/schema.org\/CreativeWork\" ><div class='avia_textblock '   itemprop=\"text\" ><p>Srima \u00e8 il posto giusto per chi vuole avere un riposo vero e proprio. Villa D &amp; I si trova a Srima, una piccola localit\u00e0 nelle vicinanze di Vodice e della citt\u00e0 di \u0160ibenik. \u00c8 situata a soli 50 metri dalla spiaggia cos\u00ec che da tutti i balconi si gode una bellissima vista panoramica: il mare, l\u2019isola di Prvi\u0107 e Vodice. Dispone di tredici appartamenti nuovi di varie dimensioni con relativo parcheggio. Tutti gli appartamenti rientrano nella categoria a tre stelle ed hanno una capacit\u00e0 di 2+2 posti letto, sono arredati modernamente e dotati di aria condizionata per un soggiorno piacevole in qualsiasi periodo dell\u2019anno.<\/p>\n<p>All\u2019interno dell\u2019edificio vi \u00e8 un bistro-pizzeria, \u201cIvo\u201d, cos\u00ec che gli ospiti possono scegliere il modo di prenotazione pi\u00f9 conveniente: senza pasti (self-catered), un solo pasto (half-board) oppure con tutti pasti (full-board) durante la stagione turistica.<\/p>\n<\/div><\/section><\/div><div class=\"flex_column av_one_half  av-animated-generic bottom-to-top  flex_column_div av-zero-column-padding   \" style='border-radius:0px; '><section class=\"av_textblock_section\"  itemscope=\"itemscope\" itemtype=\"https:\/\/schema.org\/CreativeWork\" ><div class='avia_textblock '   itemprop=\"text\" ><p>Ai nostri ospiti offriamo anche noleggio di sedie a sdraio, ombrelloni e biciclette. La spiaggia si trova a pochi passi da casa e con una breve passeggiata si pu\u00f2 raggiungere la bellissima Vodice, nota destinazione turistica dalmata. Solo pochi chilometri di distanza vi separano dalla citt\u00e0 di \u0160ibenik, ricca di monumenti storici e dalle bellezze naturali come il Parco nazionale di Krka.<\/p>\n<p>Sia che cerchiate una vacanza calma e riposante al mare, sia che preferiate vacanze piene di attivit\u00e0, di un\u2019eccitante vita notturna e di interessanti escursioni durante la giornata, siete arrivati nel posto giusto!<\/p>\n<\/div><\/section><\/div><\/p>\n","protected":false},"excerpt":{"rendered":"","protected":false},"author":1,"featured_media":0,"parent":0,"menu_order":0,"comment_status":"open","ping_status":"open","template":"","meta":[],"acf":[],"yoast_head":"<!-- This site is optimized with the Yoast SEO plugin v19.4 - https:\/\/yoast.com\/wordpress\/plugins\/seo\/ -->\n<title>Chi siamo - Villa D&amp;I<\/title>\n<meta name=\"robots\" content=\"index, follow, max-snippet:-1, max-image-preview:large, max-video-preview:-1\" \/>\n<link rel=\"canonical\" href=\"http:\/\/www.apartments-srima.com\/it\/o-nama\/\" \/>\n<meta property=\"og:locale\" content=\"it_IT\" \/>\n<meta property=\"og:type\" content=\"article\" \/>\n<meta property=\"og:title\" content=\"Chi siamo - Villa D&amp;I\" \/>\n<meta property=\"og:url\" content=\"http:\/\/www.apartments-srima.com\/it\/o-nama\/\" \/>\n<meta property=\"og:site_name\" content=\"Villa D&amp;I\" \/>\n<meta property=\"article:modified_time\" content=\"2017-07-23T13:27:00+00:00\" \/>\n<meta name=\"twitter:card\" content=\"summary_large_image\" \/>\n<meta name=\"twitter:label1\" content=\"Tempo di lettura stimato\" \/>\n\t<meta name=\"twitter:data1\" content=\"3 minuti\" \/>\n<script type=\"application\/ld+json\" class=\"yoast-schema-graph\">{\"@context\":\"https:\/\/schema.org\",\"@graph\":[{\"@type\":\"WebSite\",\"@id\":\"http:\/\/www.apartments-srima.com\/#website\",\"url\":\"http:\/\/www.apartments-srima.com\/\",\"name\":\"Villa D&amp;I\",\"description\":\"Apartments Srima\",\"potentialAction\":[{\"@type\":\"SearchAction\",\"target\":{\"@type\":\"EntryPoint\",\"urlTemplate\":\"http:\/\/www.apartments-srima.com\/?s={search_term_string}\"},\"query-input\":\"required name=search_term_string\"}],\"inLanguage\":\"it-IT\"},{\"@type\":\"WebPage\",\"@id\":\"http:\/\/www.apartments-srima.com\/it\/o-nama\/\",\"url\":\"http:\/\/www.apartments-srima.com\/it\/o-nama\/\",\"name\":\"Chi siamo - Villa D&amp;I\",\"isPartOf\":{\"@id\":\"http:\/\/www.apartments-srima.com\/#website\"},\"datePublished\":\"2014-08-24T17:14:26+00:00\",\"dateModified\":\"2017-07-23T13:27:00+00:00\",\"breadcrumb\":{\"@id\":\"http:\/\/www.apartments-srima.com\/it\/o-nama\/#breadcrumb\"},\"inLanguage\":\"it-IT\",\"potentialAction\":[{\"@type\":\"ReadAction\",\"target\":[\"http:\/\/www.apartments-srima.com\/it\/o-nama\/\"]}]},{\"@type\":\"BreadcrumbList\",\"@id\":\"http:\/\/www.apartments-srima.com\/it\/o-nama\/#breadcrumb\",\"itemListElement\":[{\"@type\":\"ListItem\",\"position\":1,\"name\":\"Home\",\"item\":\"http:\/\/www.apartments-srima.com\/\"},{\"@type\":\"ListItem\",\"position\":2,\"name\":\"Chi siamo\"}]}]}<\/script>\n<!-- \/ Yoast SEO plugin. -->","yoast_head_json":{"title":"Chi siamo - Villa D&amp;I","robots":{"index":"index","follow":"follow","max-snippet":"max-snippet:-1","max-image-preview":"max-image-preview:large","max-video-preview":"max-video-preview:-1"},"canonical":"http:\/\/www.apartments-srima.com\/it\/o-nama\/","og_locale":"it_IT","og_type":"article","og_title":"Chi siamo - Villa D&amp;I","og_url":"http:\/\/www.apartments-srima.com\/it\/o-nama\/","og_site_name":"Villa D&amp;I","article_modified_time":"2017-07-23T13:27:00+00:00","twitter_card":"summary_large_image","twitter_misc":{"Tempo di lettura stimato":"3 minuti"},"schema":{"@context":"https:\/\/schema.org","@graph":[{"@type":"WebSite","@id":"http:\/\/www.apartments-srima.com\/#website","url":"http:\/\/www.apartments-srima.com\/","name":"Villa D&amp;I","description":"Apartments Srima","potentialAction":[{"@type":"SearchAction","target":{"@type":"EntryPoint","urlTemplate":"http:\/\/www.apartments-srima.com\/?s={search_term_string}"},"query-input":"required name=search_term_string"}],"inLanguage":"it-IT"},{"@type":"WebPage","@id":"http:\/\/www.apartments-srima.com\/it\/o-nama\/","url":"http:\/\/www.apartments-srima.com\/it\/o-nama\/","name":"Chi siamo - Villa D&amp;I","isPartOf":{"@id":"http:\/\/www.apartments-srima.com\/#website"},"datePublished":"2014-08-24T17:14:26+00:00","dateModified":"2017-07-23T13:27:00+00:00","breadcrumb":{"@id":"http:\/\/www.apartments-srima.com\/it\/o-nama\/#breadcrumb"},"inLanguage":"it-IT","potentialAction":[{"@type":"ReadAction","target":["http:\/\/www.apartments-srima.com\/it\/o-nama\/"]}]},{"@type":"BreadcrumbList","@id":"http:\/\/www.apartments-srima.com\/it\/o-nama\/#breadcrumb","itemListElement":[{"@type":"ListItem","position":1,"name":"Home","item":"http:\/\/www.apartments-srima.com\/"},{"@type":"ListItem","position":2,"name":"Chi siamo"}]}]}},"_links":{"self":[{"href":"http:\/\/www.apartments-srima.com\/it\/wp-json\/wp\/v2\/pages\/663"}],"collection":[{"href":"http:\/\/www.apartments-srima.com\/it\/wp-json\/wp\/v2\/pages"}],"about":[{"href":"http:\/\/www.apartments-srima.com\/it\/wp-json\/wp\/v2\/types\/page"}],"author":[{"embeddable":true,"href":"http:\/\/www.apartments-srima.com\/it\/wp-json\/wp\/v2\/users\/1"}],"replies":[{"embeddable":true,"href":"http:\/\/www.apartments-srima.com\/it\/wp-json\/wp\/v2\/comments?post=663"}],"version-history":[{"count":1,"href":"http:\/\/www.apartments-srima.com\/it\/wp-json\/wp\/v2\/pages\/663\/revisions"}],"predecessor-version":[{"id":664,"href":"http:\/\/www.apartments-srima.com\/it\/wp-json\/wp\/v2\/pages\/663\/revisions\/664"}],"wp:attachment":[{"href":"http:\/\/www.apartments-srima.com\/it\/wp-json\/wp\/v2\/media?parent=663"}],"curies":[{"name":"wp","href":"https:\/\/api.w.org\/{rel}","templated":true}]}}