{"id":803,"date":"2017-05-31T22:27:33","date_gmt":"2017-05-31T20:27:33","guid":{"rendered":"http:\/\/www.apartments-srima.com\/primjer-stranice\/"},"modified":"2017-07-23T23:41:50","modified_gmt":"2017-07-23T21:41:50","slug":"primjer-stranice","status":"publish","type":"page","link":"http:\/\/www.apartments-srima.com\/hu\/primjer-stranice\/","title":{"rendered":"Sz\u00e1ll\u00e1shelyek"},"content":{"rendered":"<p><strong>Apartman A11 (Penthouse)<\/strong><br \/>\nA legnagyobb. Ugyancsak van egy k\u00e9t\u00e1gyas szoba, konyha, t\u00e1rsalg\u00f3<br \/>\nKanap\u00e9, mosd\u00f3, f\u00fcrd\u0151szoba k\u00e1ddal \u00e9s 24 m2-es terasszal.<\/p>\n<p><strong>Apartmanok S (A3, A4, A7 \u00e9s A8)<\/strong><br \/>\nD\u00e9li fekv\u00e9s\u0171 \u00e9s k\u00e9t erk\u00e9llyel rendelkezik, kil\u00e1t\u00e1ssal a tengerre.<\/p>\n<p><strong>Az N apartmanok (A1, A2, A5, A6, A9, A10, A12 \u00e9s A13)<\/strong><br \/>\nSzemben keletre vagy nyugatra, egy erk\u00e9llyel \u00e9s kil\u00e1t\u00e1ssal a tengerre.<\/p>\n<p>Az apartmanok \u00f6nell\u00e1t\u00f3ak, egy k\u00e9t\u00e1gyas h\u00e1l\u00f3szob\u00e1val, teljesen felszerelt konyh\u00e1val, zuhanyz\u00f3s f\u00fcrd\u0151szob\u00e1val, k\u00e9tszem\u00e9lyes \u00e1ggyal \u00e9s egy vagy k\u00e9t erk\u00e9llyel \u00e1tv\u00e1ltoztathat\u00f3 nappalival. 13 \u00f6nell\u00e1t\u00f3 3 csillagos kateg\u00f3ri\u00e1j\u00fa apartman tal\u00e1lhat\u00f3, k\u00fcl\u00f6nb\u00f6z\u0151 m\u00e9ret\u0171 \u00e9s saj\u00e1t parkol\u00f3val a vend\u00e9gek rendelkez\u00e9s\u00e9re. Minden apartmanban van egy h\u00e1l\u00f3szoba \u00e9s egy k\u00e9nyelmes kanap\u00e9 a nappaliban, amely \u00e1gyra is k\u00e9sz\u00edthet\u0151 egy vagy k\u00e9t szem\u00e9ly r\u00e9sz\u00e9re. \u00d6sszesen 52 \u00e1gy van. Minden apartman teljesen felszerelt konyh\u00e1val \u00e9s f\u00fcrd\u0151szob\u00e1val rendelkezik. L\u00e9gkondicion\u00e1l\u00f3val is felszereltek, ami kellemes id\u0151t\u00f6lt\u00e9st biztos\u00edt minden szezonban.<\/p>\n","protected":false},"excerpt":{"rendered":"<p>Apartman A11 (Penthouse) A legnagyobb. Ugyancsak van egy k\u00e9t\u00e1gyas szoba, konyha, t\u00e1rsalg\u00f3 Kanap\u00e9, mosd\u00f3, f\u00fcrd\u0151szoba k\u00e1ddal \u00e9s 24 m2-es terasszal. Apartmanok S (A3, A4, A7 \u00e9s A8) D\u00e9li fekv\u00e9s\u0171 \u00e9s k\u00e9t erk\u00e9llyel rendelkezik, kil\u00e1t\u00e1ssal a tengerre. Az N apartmanok (A1, A2, A5, A6, A9, A10, A12 \u00e9s A13) Szemben keletre vagy nyugatra, egy erk\u00e9llyel \u00e9s [&hellip;]<\/p>\n","protected":false},"author":1,"featured_media":0,"parent":0,"menu_order":0,"comment_status":"closed","ping_status":"open","template":"","meta":[],"acf":[],"yoast_head":"<!-- This site is optimized with the Yoast SEO plugin v19.4 - https:\/\/yoast.com\/wordpress\/plugins\/seo\/ -->\n<title>Sz\u00e1ll\u00e1shelyek - Villa D&amp;I<\/title>\n<meta name=\"robots\" content=\"index, follow, max-snippet:-1, max-image-preview:large, max-video-preview:-1\" \/>\n<link rel=\"canonical\" href=\"http:\/\/www.apartments-srima.com\/hu\/primjer-stranice\/\" \/>\n<meta property=\"og:locale\" content=\"hu_HU\" \/>\n<meta property=\"og:type\" content=\"article\" \/>\n<meta property=\"og:title\" content=\"Sz\u00e1ll\u00e1shelyek - Villa D&amp;I\" \/>\n<meta property=\"og:description\" content=\"Apartman A11 (Penthouse) A legnagyobb. Ugyancsak van egy k\u00e9t\u00e1gyas szoba, konyha, t\u00e1rsalg\u00f3 Kanap\u00e9, mosd\u00f3, f\u00fcrd\u0151szoba k\u00e1ddal \u00e9s 24 m2-es terasszal. Apartmanok S (A3, A4, A7 \u00e9s A8) D\u00e9li fekv\u00e9s\u0171 \u00e9s k\u00e9t erk\u00e9llyel rendelkezik, kil\u00e1t\u00e1ssal a tengerre. Az N apartmanok (A1, A2, A5, A6, A9, A10, A12 \u00e9s A13) Szemben keletre vagy nyugatra, egy erk\u00e9llyel \u00e9s [&hellip;]\" \/>\n<meta property=\"og:url\" content=\"http:\/\/www.apartments-srima.com\/hu\/primjer-stranice\/\" \/>\n<meta property=\"og:site_name\" content=\"Villa D&amp;I\" \/>\n<meta property=\"article:modified_time\" content=\"2017-07-23T21:41:50+00:00\" \/>\n<meta name=\"twitter:card\" content=\"summary_large_image\" \/>\n<meta name=\"twitter:label1\" content=\"Becs\u00fclt olvas\u00e1si id\u0151\" \/>\n\t<meta name=\"twitter:data1\" content=\"1 perc\" \/>\n<script type=\"application\/ld+json\" class=\"yoast-schema-graph\">{\"@context\":\"https:\/\/schema.org\",\"@graph\":[{\"@type\":\"WebSite\",\"@id\":\"http:\/\/www.apartments-srima.com\/#website\",\"url\":\"http:\/\/www.apartments-srima.com\/\",\"name\":\"Villa D&amp;I\",\"description\":\"Apartments Srima\",\"potentialAction\":[{\"@type\":\"SearchAction\",\"target\":{\"@type\":\"EntryPoint\",\"urlTemplate\":\"http:\/\/www.apartments-srima.com\/?s={search_term_string}\"},\"query-input\":\"required name=search_term_string\"}],\"inLanguage\":\"hu\"},{\"@type\":\"WebPage\",\"@id\":\"http:\/\/www.apartments-srima.com\/hu\/primjer-stranice\/\",\"url\":\"http:\/\/www.apartments-srima.com\/hu\/primjer-stranice\/\",\"name\":\"Sz\u00e1ll\u00e1shelyek - Villa D&amp;I\",\"isPartOf\":{\"@id\":\"http:\/\/www.apartments-srima.com\/#website\"},\"datePublished\":\"2017-05-31T20:27:33+00:00\",\"dateModified\":\"2017-07-23T21:41:50+00:00\",\"breadcrumb\":{\"@id\":\"http:\/\/www.apartments-srima.com\/hu\/primjer-stranice\/#breadcrumb\"},\"inLanguage\":\"hu\",\"potentialAction\":[{\"@type\":\"ReadAction\",\"target\":[\"http:\/\/www.apartments-srima.com\/hu\/primjer-stranice\/\"]}]},{\"@type\":\"BreadcrumbList\",\"@id\":\"http:\/\/www.apartments-srima.com\/hu\/primjer-stranice\/#breadcrumb\",\"itemListElement\":[{\"@type\":\"ListItem\",\"position\":1,\"name\":\"Home\",\"item\":\"http:\/\/www.apartments-srima.com\/\"},{\"@type\":\"ListItem\",\"position\":2,\"name\":\"Sz\u00e1ll\u00e1shelyek\"}]}]}<\/script>\n<!-- \/ Yoast SEO plugin. -->","yoast_head_json":{"title":"Sz\u00e1ll\u00e1shelyek - Villa D&amp;I","robots":{"index":"index","follow":"follow","max-snippet":"max-snippet:-1","max-image-preview":"max-image-preview:large","max-video-preview":"max-video-preview:-1"},"canonical":"http:\/\/www.apartments-srima.com\/hu\/primjer-stranice\/","og_locale":"hu_HU","og_type":"article","og_title":"Sz\u00e1ll\u00e1shelyek - Villa D&amp;I","og_description":"Apartman A11 (Penthouse) A legnagyobb. Ugyancsak van egy k\u00e9t\u00e1gyas szoba, konyha, t\u00e1rsalg\u00f3 Kanap\u00e9, mosd\u00f3, f\u00fcrd\u0151szoba k\u00e1ddal \u00e9s 24 m2-es terasszal. Apartmanok S (A3, A4, A7 \u00e9s A8) D\u00e9li fekv\u00e9s\u0171 \u00e9s k\u00e9t erk\u00e9llyel rendelkezik, kil\u00e1t\u00e1ssal a tengerre. Az N apartmanok (A1, A2, A5, A6, A9, A10, A12 \u00e9s A13) Szemben keletre vagy nyugatra, egy erk\u00e9llyel \u00e9s [&hellip;]","og_url":"http:\/\/www.apartments-srima.com\/hu\/primjer-stranice\/","og_site_name":"Villa D&amp;I","article_modified_time":"2017-07-23T21:41:50+00:00","twitter_card":"summary_large_image","twitter_misc":{"Becs\u00fclt olvas\u00e1si id\u0151":"1 perc"},"schema":{"@context":"https:\/\/schema.org","@graph":[{"@type":"WebSite","@id":"http:\/\/www.apartments-srima.com\/#website","url":"http:\/\/www.apartments-srima.com\/","name":"Villa D&amp;I","description":"Apartments Srima","potentialAction":[{"@type":"SearchAction","target":{"@type":"EntryPoint","urlTemplate":"http:\/\/www.apartments-srima.com\/?s={search_term_string}"},"query-input":"required name=search_term_string"}],"inLanguage":"hu"},{"@type":"WebPage","@id":"http:\/\/www.apartments-srima.com\/hu\/primjer-stranice\/","url":"http:\/\/www.apartments-srima.com\/hu\/primjer-stranice\/","name":"Sz\u00e1ll\u00e1shelyek - Villa D&amp;I","isPartOf":{"@id":"http:\/\/www.apartments-srima.com\/#website"},"datePublished":"2017-05-31T20:27:33+00:00","dateModified":"2017-07-23T21:41:50+00:00","breadcrumb":{"@id":"http:\/\/www.apartments-srima.com\/hu\/primjer-stranice\/#breadcrumb"},"inLanguage":"hu","potentialAction":[{"@type":"ReadAction","target":["http:\/\/www.apartments-srima.com\/hu\/primjer-stranice\/"]}]},{"@type":"BreadcrumbList","@id":"http:\/\/www.apartments-srima.com\/hu\/primjer-stranice\/#breadcrumb","itemListElement":[{"@type":"ListItem","position":1,"name":"Home","item":"http:\/\/www.apartments-srima.com\/"},{"@type":"ListItem","position":2,"name":"Sz\u00e1ll\u00e1shelyek"}]}]}},"_links":{"self":[{"href":"http:\/\/www.apartments-srima.com\/hu\/wp-json\/wp\/v2\/pages\/803"}],"collection":[{"href":"http:\/\/www.apartments-srima.com\/hu\/wp-json\/wp\/v2\/pages"}],"about":[{"href":"http:\/\/www.apartments-srima.com\/hu\/wp-json\/wp\/v2\/types\/page"}],"author":[{"embeddable":true,"href":"http:\/\/www.apartments-srima.com\/hu\/wp-json\/wp\/v2\/users\/1"}],"replies":[{"embeddable":true,"href":"http:\/\/www.apartments-srima.com\/hu\/wp-json\/wp\/v2\/comments?post=803"}],"version-history":[{"count":2,"href":"http:\/\/www.apartments-srima.com\/hu\/wp-json\/wp\/v2\/pages\/803\/revisions"}],"predecessor-version":[{"id":810,"href":"http:\/\/www.apartments-srima.com\/hu\/wp-json\/wp\/v2\/pages\/803\/revisions\/810"}],"wp:attachment":[{"href":"http:\/\/www.apartments-srima.com\/hu\/wp-json\/wp\/v2\/media?parent=803"}],"curies":[{"name":"wp","href":"https:\/\/api.w.org\/{rel}","templated":true}]}}