{"id":768,"date":"2017-06-04T12:35:42","date_gmt":"2017-06-04T10:35:42","guid":{"rendered":"http:\/\/www.apartments-srima.com\/cjenik\/"},"modified":"2017-07-23T21:59:58","modified_gmt":"2017-07-23T19:59:58","slug":"cjenik","status":"publish","type":"page","link":"http:\/\/www.apartments-srima.com\/hu\/cjenik\/","title":{"rendered":"\u00c1rlista"},"content":{"rendered":"<\/div><\/div><\/div><!-- close content main div --><\/div><\/div><div id='av_section_1' class='avia-section main_color avia-section-large avia-no-border-styling avia-full-stretch av-section-color-overlay-active avia-bg-style-scroll  container_wrap fullsize' style = 'background-repeat: no-repeat; background-image: url(http:\/\/www.apartments-srima.com\/wp-content\/uploads\/2017\/06\/brod.jpg); background-attachment: scroll; background-position: top center; ' data-section-bg-repeat='stretch' ><div class='av-section-color-overlay-wrap'><div class='av-section-color-overlay' style='opacity: 0.4; background-color: #000000; '><\/div><div class='container' ><div class='template-page content  av-content-full alpha units'><div class='post-entry post-entry-type-page post-entry-768'><div class='entry-content-wrapper clearfix'>\n<div style='padding-bottom:10px;color:#ffffff;font-size:70px;' class='av-special-heading av-special-heading-h6 custom-color-heading blockquote modern-quote modern-centered  av-inherit-size'><h6 class='av-special-heading-tag'  itemprop=\"headline\"  >\u00c1rlista<\/h6><div class='special-heading-border'><div class='special-heading-inner-border' style='border-color:#ffffff'><\/div><\/div><\/div>\n<\/div><\/div><\/div><!-- close content main div --><\/div><\/div><\/div><div id='av_section_2' class='avia-section main_color avia-section-default avia-no-shadow avia-bg-style-scroll  container_wrap fullsize'   ><div class='container' ><div class='template-page content  av-content-full alpha units'><div class='post-entry post-entry-type-page post-entry-768'><div class='entry-content-wrapper clearfix'>\n<div class=\"flex_column av_one_half  av-animated-generic bottom-to-top  flex_column_div av-zero-column-padding first  \" style='border-radius:0px; '><section class=\"av_textblock_section\"  itemscope=\"itemscope\" itemtype=\"https:\/\/schema.org\/CreativeWork\" ><div class='avia_textblock '   itemprop=\"text\" ><p class=\"font\"><strong>\u00c1r a lek\u00e9rdez\u00e9sn\u00e9l.<\/strong><\/p>\n<p>A lak\u00e1s\u00e1rak nem tartalmazz\u00e1k az idegenforgalmi ad\u00f3t, amely 1,00 \u20ac naponta feln\u0151tteknek, a fiatalok 12-18 \u00e9ves korig 0,50 \u20ac naponta \u00e9s a gyermekek ingyenesek.<\/p>\n<\/div><\/section><\/div><div class=\"flex_column av_one_half  av-animated-generic bottom-to-top  flex_column_div av-zero-column-padding   \" style='border-radius:0px; '><section class=\"av_textblock_section\"  itemscope=\"itemscope\" itemtype=\"https:\/\/schema.org\/CreativeWork\" ><div class='avia_textblock '   itemprop=\"text\" ><p>A bejelentkez\u00e9s 16: 00-kor kezd\u0151dik.<\/p>\n<p>Kijelentkez\u00e9s legk\u00e9s\u0151bb 10:00 \u00f3r\u00e1ig.<\/p>\n<p>Sajnos a h\u00e1zi\u00e1llatok nem megengedettek.<\/p>\n<p>Foglal\u00e1skor legal\u00e1bb 25% el\u0151t\u00f6rleszt\u00e9s sz\u00fcks\u00e9ges.<\/p>\n<\/div><\/section><\/div><\/p>\n","protected":false},"excerpt":{"rendered":"","protected":false},"author":1,"featured_media":0,"parent":0,"menu_order":0,"comment_status":"closed","ping_status":"closed","template":"","meta":[],"acf":[],"yoast_head":"<!-- This site is optimized with the Yoast SEO plugin v19.4 - https:\/\/yoast.com\/wordpress\/plugins\/seo\/ -->\n<title>\u00c1rlista - Villa D&amp;I<\/title>\n<meta name=\"robots\" content=\"index, follow, max-snippet:-1, max-image-preview:large, max-video-preview:-1\" \/>\n<link rel=\"canonical\" href=\"http:\/\/www.apartments-srima.com\/hu\/cjenik\/\" \/>\n<meta property=\"og:locale\" content=\"hu_HU\" \/>\n<meta property=\"og:type\" content=\"article\" \/>\n<meta property=\"og:title\" content=\"\u00c1rlista - Villa D&amp;I\" \/>\n<meta property=\"og:url\" content=\"http:\/\/www.apartments-srima.com\/hu\/cjenik\/\" \/>\n<meta property=\"og:site_name\" content=\"Villa D&amp;I\" \/>\n<meta property=\"article:modified_time\" content=\"2017-07-23T19:59:58+00:00\" \/>\n<meta name=\"twitter:card\" content=\"summary_large_image\" \/>\n<meta name=\"twitter:label1\" content=\"Becs\u00fclt olvas\u00e1si id\u0151\" \/>\n\t<meta name=\"twitter:data1\" content=\"2 perc\" \/>\n<script type=\"application\/ld+json\" class=\"yoast-schema-graph\">{\"@context\":\"https:\/\/schema.org\",\"@graph\":[{\"@type\":\"WebSite\",\"@id\":\"http:\/\/www.apartments-srima.com\/#website\",\"url\":\"http:\/\/www.apartments-srima.com\/\",\"name\":\"Villa D&amp;I\",\"description\":\"Apartments Srima\",\"potentialAction\":[{\"@type\":\"SearchAction\",\"target\":{\"@type\":\"EntryPoint\",\"urlTemplate\":\"http:\/\/www.apartments-srima.com\/?s={search_term_string}\"},\"query-input\":\"required name=search_term_string\"}],\"inLanguage\":\"hu\"},{\"@type\":\"WebPage\",\"@id\":\"http:\/\/www.apartments-srima.com\/hu\/cjenik\/\",\"url\":\"http:\/\/www.apartments-srima.com\/hu\/cjenik\/\",\"name\":\"\u00c1rlista - Villa D&amp;I\",\"isPartOf\":{\"@id\":\"http:\/\/www.apartments-srima.com\/#website\"},\"datePublished\":\"2017-06-04T10:35:42+00:00\",\"dateModified\":\"2017-07-23T19:59:58+00:00\",\"breadcrumb\":{\"@id\":\"http:\/\/www.apartments-srima.com\/hu\/cjenik\/#breadcrumb\"},\"inLanguage\":\"hu\",\"potentialAction\":[{\"@type\":\"ReadAction\",\"target\":[\"http:\/\/www.apartments-srima.com\/hu\/cjenik\/\"]}]},{\"@type\":\"BreadcrumbList\",\"@id\":\"http:\/\/www.apartments-srima.com\/hu\/cjenik\/#breadcrumb\",\"itemListElement\":[{\"@type\":\"ListItem\",\"position\":1,\"name\":\"Home\",\"item\":\"http:\/\/www.apartments-srima.com\/\"},{\"@type\":\"ListItem\",\"position\":2,\"name\":\"\u00c1rlista\"}]}]}<\/script>\n<!-- \/ Yoast SEO plugin. -->","yoast_head_json":{"title":"\u00c1rlista - Villa D&amp;I","robots":{"index":"index","follow":"follow","max-snippet":"max-snippet:-1","max-image-preview":"max-image-preview:large","max-video-preview":"max-video-preview:-1"},"canonical":"http:\/\/www.apartments-srima.com\/hu\/cjenik\/","og_locale":"hu_HU","og_type":"article","og_title":"\u00c1rlista - Villa D&amp;I","og_url":"http:\/\/www.apartments-srima.com\/hu\/cjenik\/","og_site_name":"Villa D&amp;I","article_modified_time":"2017-07-23T19:59:58+00:00","twitter_card":"summary_large_image","twitter_misc":{"Becs\u00fclt olvas\u00e1si id\u0151":"2 perc"},"schema":{"@context":"https:\/\/schema.org","@graph":[{"@type":"WebSite","@id":"http:\/\/www.apartments-srima.com\/#website","url":"http:\/\/www.apartments-srima.com\/","name":"Villa D&amp;I","description":"Apartments Srima","potentialAction":[{"@type":"SearchAction","target":{"@type":"EntryPoint","urlTemplate":"http:\/\/www.apartments-srima.com\/?s={search_term_string}"},"query-input":"required name=search_term_string"}],"inLanguage":"hu"},{"@type":"WebPage","@id":"http:\/\/www.apartments-srima.com\/hu\/cjenik\/","url":"http:\/\/www.apartments-srima.com\/hu\/cjenik\/","name":"\u00c1rlista - Villa D&amp;I","isPartOf":{"@id":"http:\/\/www.apartments-srima.com\/#website"},"datePublished":"2017-06-04T10:35:42+00:00","dateModified":"2017-07-23T19:59:58+00:00","breadcrumb":{"@id":"http:\/\/www.apartments-srima.com\/hu\/cjenik\/#breadcrumb"},"inLanguage":"hu","potentialAction":[{"@type":"ReadAction","target":["http:\/\/www.apartments-srima.com\/hu\/cjenik\/"]}]},{"@type":"BreadcrumbList","@id":"http:\/\/www.apartments-srima.com\/hu\/cjenik\/#breadcrumb","itemListElement":[{"@type":"ListItem","position":1,"name":"Home","item":"http:\/\/www.apartments-srima.com\/"},{"@type":"ListItem","position":2,"name":"\u00c1rlista"}]}]}},"_links":{"self":[{"href":"http:\/\/www.apartments-srima.com\/hu\/wp-json\/wp\/v2\/pages\/768"}],"collection":[{"href":"http:\/\/www.apartments-srima.com\/hu\/wp-json\/wp\/v2\/pages"}],"about":[{"href":"http:\/\/www.apartments-srima.com\/hu\/wp-json\/wp\/v2\/types\/page"}],"author":[{"embeddable":true,"href":"http:\/\/www.apartments-srima.com\/hu\/wp-json\/wp\/v2\/users\/1"}],"replies":[{"embeddable":true,"href":"http:\/\/www.apartments-srima.com\/hu\/wp-json\/wp\/v2\/comments?post=768"}],"version-history":[{"count":2,"href":"http:\/\/www.apartments-srima.com\/hu\/wp-json\/wp\/v2\/pages\/768\/revisions"}],"predecessor-version":[{"id":770,"href":"http:\/\/www.apartments-srima.com\/hu\/wp-json\/wp\/v2\/pages\/768\/revisions\/770"}],"wp:attachment":[{"href":"http:\/\/www.apartments-srima.com\/hu\/wp-json\/wp\/v2\/media?parent=768"}],"curies":[{"name":"wp","href":"https:\/\/api.w.org\/{rel}","templated":true}]}}