{"id":648,"date":"2014-08-24T17:14:26","date_gmt":"2014-08-24T17:14:26","guid":{"rendered":"http:\/\/www.apartments-srima.com\/o-nama\/"},"modified":"2017-07-23T14:16:33","modified_gmt":"2017-07-23T12:16:33","slug":"o-nama","status":"publish","type":"page","link":"http:\/\/www.apartments-srima.com\/hu\/o-nama\/","title":{"rendered":"R\u00f3lunk"},"content":{"rendered":"<\/div><\/div><\/div><!-- close content main div --><\/div><\/div><div id='av_section_1' class='avia-section main_color avia-section-large avia-no-border-styling avia-full-stretch av-section-color-overlay-active avia-bg-style-scroll  container_wrap fullsize' style = 'background-repeat: no-repeat; background-image: url(http:\/\/www.apartments-srima.com\/wp-content\/uploads\/2014\/08\/balkon.jpg); background-attachment: scroll; background-position: center center; ' data-section-bg-repeat='stretch' ><div class='av-section-color-overlay-wrap'><div class='av-section-color-overlay' style='opacity: 0.4; background-color: #000000; '><\/div><div class='container' ><div class='template-page content  av-content-full alpha units'><div class='post-entry post-entry-type-page post-entry-648'><div class='entry-content-wrapper clearfix'>\n<div style='padding-bottom:10px;color:#ffffff;font-size:70px;' class='av-special-heading av-special-heading-h6 custom-color-heading blockquote modern-quote modern-centered  av-inherit-size'><h6 class='av-special-heading-tag'  itemprop=\"headline\"  >R\u00f3lunk<\/h6><div class='special-heading-border'><div class='special-heading-inner-border' style='border-color:#ffffff'><\/div><\/div><\/div>\n<\/div><\/div><\/div><!-- close content main div --><\/div><\/div><\/div><div id='av_section_2' class='avia-section main_color avia-section-default avia-no-shadow avia-bg-style-scroll  container_wrap fullsize'   ><div class='container' ><div class='template-page content  av-content-full alpha units'><div class='post-entry post-entry-type-page post-entry-648'><div class='entry-content-wrapper clearfix'>\n<div class=\"flex_column av_one_half  av-animated-generic bottom-to-top  flex_column_div av-zero-column-padding first  \" style='border-radius:0px; '><section class=\"av_textblock_section\"  itemscope=\"itemscope\" itemtype=\"https:\/\/schema.org\/CreativeWork\" ><div class='avia_textblock '   itemprop=\"text\" ><p>Ha \u00d6n igaz\u00e1n pihenni szeretne nyaral\u00e1son, \u00d6nnek val\u00f3 a Srima. Villa D&amp;I k\u00f6zvetlen\u00fcl a tengerpart mellett helyezkedik el kicsi Srima nev\u0171 telep\u00fcl\u00e9sben, Vodic\u00e9hez \u00e9s \u0160ibenikhez k\u00f6zel. A teraszair\u00f3l l\u00e1tni lehet a tengert, Prvi\u0107 szigetet \u00e9s Vodice l\u00e1tk\u00e9p\u00e9t.<\/p>\n<p>Villa 13 korszer\u0171 \u00e9s k\u00fcl\u00f6nb\u00f6z\u0151 nagys\u00e1g\u00fa apartmannal \u00e9s vend\u00e9geknek val\u00f3 parkol\u00f3hellyel rendelkezik. Minden apartman egyszob\u00e1s \u00e9s 3*-os kateg\u00f3ri\u00e1j\u00fa, k\u00e9nyelmes plusz fekv\u0151helyekkel a nappaliban el van l\u00e1tva. Ezek szerint, \u00f6sszesen 52 fekv\u0151hellyel rendelkez\u00fcnk. Az apartmanok \u00faj \u00e9s min\u0151s\u00e9ges b\u00fatorral valamint l\u00e9gkondicion\u00e1l\u00e1ssal fel vannak szerelve. Ennek k\u00f6sz\u00f6nhet\u0151en az \u00d6n tart\u00f3zkod\u00e1sa k\u00e9nyelmes lesz az eg\u00e9sz \u00e9v alatt, ak\u00e1r csoportok, ak\u00e1r egyedi vend\u00e9gek sz\u00e1m\u00e1ra a f\u0151szezonban \u00e9s a f\u0151szezonon k\u00edv\u00fcl.<\/p>\n<\/div><\/section><\/div><div class=\"flex_column av_one_half  av-animated-generic bottom-to-top  flex_column_div av-zero-column-padding   \" style='border-radius:0px; '><section class=\"av_textblock_section\"  itemscope=\"itemscope\" itemtype=\"https:\/\/schema.org\/CreativeWork\" ><div class='avia_textblock '   itemprop=\"text\" ><p>Villa D&amp;I apartmanjait ig\u00e9nybe lehet venni f\u00e9lpanzi\u00f3val, teljes panzi\u00f3val vagy panzi\u00f3 n\u00e9lk\u00fcl, s\u0151t sz\u00e1ll\u00f3k\u00e9nt is a f\u0151szezonon k\u00edv\u00fcl. Az \u00e9p\u00fcleten bel\u00fcl pressz\u00f3-pizz\u00e9ria \u201eIvo\u201d \u00fczemel, azonk\u00edv\u00fcl lehets\u00e9ges nyug\u00e1gyak, naperny\u0151k \u00e9s ker\u00e9kp\u00e1rok k\u00f6lcs\u00f6nz\u00e9se.<\/p>\n<p>A strand csak p\u00e1r l\u00e9p\u00e9sre van, r\u00f6vid s\u00e9ta pedig odavezet a gy\u00f6ny\u00f6r\u0171 Vodice v\u00e1rosk\u00e1ba, ismert dalm\u00e1ciai \u00fcd\u00fcl\u0151helybe. \u0160ibenik, t\u00f6rt\u00e9nelmi l\u00e1tv\u00e1nyokkal gazdag v\u00e1ros \u00e9s Krka nemzeti term\u00e9szeti park sz\u00e9ps\u00e9geivel csak p\u00e1r kilom\u00e9terre vannak. Ha csendes pihen\u00e9st k\u00edv\u00e1n a horv\u00e1t tengerparton vagy akt\u00edv \u00fcd\u00fcl\u00e9st keres \u00e9jszakai sz\u00f3rakoz\u00e1ssal \u00e9s napi kir\u00e1ndul\u00e1sokkal, j\u00f3 helyre j\u00f6tt.<\/p>\n<\/div><\/section><\/div><\/p>\n","protected":false},"excerpt":{"rendered":"","protected":false},"author":1,"featured_media":0,"parent":0,"menu_order":0,"comment_status":"open","ping_status":"open","template":"","meta":[],"acf":[],"yoast_head":"<!-- This site is optimized with the Yoast SEO plugin v19.4 - https:\/\/yoast.com\/wordpress\/plugins\/seo\/ -->\n<title>R\u00f3lunk - Villa D&amp;I<\/title>\n<meta name=\"robots\" content=\"index, follow, max-snippet:-1, max-image-preview:large, max-video-preview:-1\" \/>\n<link rel=\"canonical\" href=\"http:\/\/www.apartments-srima.com\/hu\/o-nama\/\" \/>\n<meta property=\"og:locale\" content=\"hu_HU\" \/>\n<meta property=\"og:type\" content=\"article\" \/>\n<meta property=\"og:title\" content=\"R\u00f3lunk - Villa D&amp;I\" \/>\n<meta property=\"og:url\" content=\"http:\/\/www.apartments-srima.com\/hu\/o-nama\/\" \/>\n<meta property=\"og:site_name\" content=\"Villa D&amp;I\" \/>\n<meta property=\"article:modified_time\" content=\"2017-07-23T12:16:33+00:00\" \/>\n<meta name=\"twitter:card\" content=\"summary_large_image\" \/>\n<meta name=\"twitter:label1\" content=\"Becs\u00fclt olvas\u00e1si id\u0151\" \/>\n\t<meta name=\"twitter:data1\" content=\"3 perc\" \/>\n<script type=\"application\/ld+json\" class=\"yoast-schema-graph\">{\"@context\":\"https:\/\/schema.org\",\"@graph\":[{\"@type\":\"WebSite\",\"@id\":\"http:\/\/www.apartments-srima.com\/#website\",\"url\":\"http:\/\/www.apartments-srima.com\/\",\"name\":\"Villa D&amp;I\",\"description\":\"Apartments Srima\",\"potentialAction\":[{\"@type\":\"SearchAction\",\"target\":{\"@type\":\"EntryPoint\",\"urlTemplate\":\"http:\/\/www.apartments-srima.com\/?s={search_term_string}\"},\"query-input\":\"required name=search_term_string\"}],\"inLanguage\":\"hu\"},{\"@type\":\"WebPage\",\"@id\":\"http:\/\/www.apartments-srima.com\/hu\/o-nama\/\",\"url\":\"http:\/\/www.apartments-srima.com\/hu\/o-nama\/\",\"name\":\"R\u00f3lunk - Villa D&amp;I\",\"isPartOf\":{\"@id\":\"http:\/\/www.apartments-srima.com\/#website\"},\"datePublished\":\"2014-08-24T17:14:26+00:00\",\"dateModified\":\"2017-07-23T12:16:33+00:00\",\"breadcrumb\":{\"@id\":\"http:\/\/www.apartments-srima.com\/hu\/o-nama\/#breadcrumb\"},\"inLanguage\":\"hu\",\"potentialAction\":[{\"@type\":\"ReadAction\",\"target\":[\"http:\/\/www.apartments-srima.com\/hu\/o-nama\/\"]}]},{\"@type\":\"BreadcrumbList\",\"@id\":\"http:\/\/www.apartments-srima.com\/hu\/o-nama\/#breadcrumb\",\"itemListElement\":[{\"@type\":\"ListItem\",\"position\":1,\"name\":\"Home\",\"item\":\"http:\/\/www.apartments-srima.com\/\"},{\"@type\":\"ListItem\",\"position\":2,\"name\":\"R\u00f3lunk\"}]}]}<\/script>\n<!-- \/ Yoast SEO plugin. -->","yoast_head_json":{"title":"R\u00f3lunk - Villa D&amp;I","robots":{"index":"index","follow":"follow","max-snippet":"max-snippet:-1","max-image-preview":"max-image-preview:large","max-video-preview":"max-video-preview:-1"},"canonical":"http:\/\/www.apartments-srima.com\/hu\/o-nama\/","og_locale":"hu_HU","og_type":"article","og_title":"R\u00f3lunk - Villa D&amp;I","og_url":"http:\/\/www.apartments-srima.com\/hu\/o-nama\/","og_site_name":"Villa D&amp;I","article_modified_time":"2017-07-23T12:16:33+00:00","twitter_card":"summary_large_image","twitter_misc":{"Becs\u00fclt olvas\u00e1si id\u0151":"3 perc"},"schema":{"@context":"https:\/\/schema.org","@graph":[{"@type":"WebSite","@id":"http:\/\/www.apartments-srima.com\/#website","url":"http:\/\/www.apartments-srima.com\/","name":"Villa D&amp;I","description":"Apartments Srima","potentialAction":[{"@type":"SearchAction","target":{"@type":"EntryPoint","urlTemplate":"http:\/\/www.apartments-srima.com\/?s={search_term_string}"},"query-input":"required name=search_term_string"}],"inLanguage":"hu"},{"@type":"WebPage","@id":"http:\/\/www.apartments-srima.com\/hu\/o-nama\/","url":"http:\/\/www.apartments-srima.com\/hu\/o-nama\/","name":"R\u00f3lunk - Villa D&amp;I","isPartOf":{"@id":"http:\/\/www.apartments-srima.com\/#website"},"datePublished":"2014-08-24T17:14:26+00:00","dateModified":"2017-07-23T12:16:33+00:00","breadcrumb":{"@id":"http:\/\/www.apartments-srima.com\/hu\/o-nama\/#breadcrumb"},"inLanguage":"hu","potentialAction":[{"@type":"ReadAction","target":["http:\/\/www.apartments-srima.com\/hu\/o-nama\/"]}]},{"@type":"BreadcrumbList","@id":"http:\/\/www.apartments-srima.com\/hu\/o-nama\/#breadcrumb","itemListElement":[{"@type":"ListItem","position":1,"name":"Home","item":"http:\/\/www.apartments-srima.com\/"},{"@type":"ListItem","position":2,"name":"R\u00f3lunk"}]}]}},"_links":{"self":[{"href":"http:\/\/www.apartments-srima.com\/hu\/wp-json\/wp\/v2\/pages\/648"}],"collection":[{"href":"http:\/\/www.apartments-srima.com\/hu\/wp-json\/wp\/v2\/pages"}],"about":[{"href":"http:\/\/www.apartments-srima.com\/hu\/wp-json\/wp\/v2\/types\/page"}],"author":[{"embeddable":true,"href":"http:\/\/www.apartments-srima.com\/hu\/wp-json\/wp\/v2\/users\/1"}],"replies":[{"embeddable":true,"href":"http:\/\/www.apartments-srima.com\/hu\/wp-json\/wp\/v2\/comments?post=648"}],"version-history":[{"count":2,"href":"http:\/\/www.apartments-srima.com\/hu\/wp-json\/wp\/v2\/pages\/648\/revisions"}],"predecessor-version":[{"id":650,"href":"http:\/\/www.apartments-srima.com\/hu\/wp-json\/wp\/v2\/pages\/648\/revisions\/650"}],"wp:attachment":[{"href":"http:\/\/www.apartments-srima.com\/hu\/wp-json\/wp\/v2\/media?parent=648"}],"curies":[{"name":"wp","href":"https:\/\/api.w.org\/{rel}","templated":true}]}}