{"id":673,"date":"2017-06-04T12:35:26","date_gmt":"2017-06-04T10:35:26","guid":{"rendered":"http:\/\/www.apartments-srima.com\/kako-do-nas\/"},"modified":"2017-07-23T15:59:35","modified_gmt":"2017-07-23T13:59:35","slug":"kako-do-nas","status":"publish","type":"page","link":"http:\/\/www.apartments-srima.com\/en\/kako-do-nas\/","title":{"rendered":"Travel info"},"content":{"rendered":"<div id='av_gmap_1' class='avia-google-map-container' data-mapid='1' style='height: 400px;'><\/div>\n<\/div><\/div><\/div><!-- close content main div --><\/div><\/div><div id='av-tab-section-1' class='av-tab-section-container entry-content-wrapper main_color av-tab-no-transition av-tab-content-auto av-tab-above-content  container_wrap sidebar_right'   ><div class='av-tab-section-outer-container'><div class='av-tab-section-tab-title-container avia-tab-title-padding-default ' ><a href='#By car' data-av-tab-section-title='1' class='av-section-tab-title av-active-tab-title av-tab-no-icon av-tab-no-image  '><span class='av-outer-tab-title'><span class='av-inner-tab-title'>By car<\/span><\/span><span class='av-tab-arrow-container'><span><\/span><\/span><\/a><a href='#By plane' data-av-tab-section-title='2' class='av-section-tab-title  av-tab-no-icon av-tab-no-image  '><span class='av-outer-tab-title'><span class='av-inner-tab-title'>By plane<\/span><\/span><span class='av-tab-arrow-container'><span><\/span><\/span><\/a><a href='#By ship' data-av-tab-section-title='3' class='av-section-tab-title  av-tab-no-icon av-tab-no-image  '><span class='av-outer-tab-title'><span class='av-inner-tab-title'>By ship<\/span><\/span><span class='av-tab-arrow-container'><span><\/span><\/span><\/a><a href='#By bus' data-av-tab-section-title='4' class='av-section-tab-title  av-tab-no-icon av-tab-no-image  '><span class='av-outer-tab-title'><span class='av-inner-tab-title'>By bus<\/span><\/span><span class='av-tab-arrow-container'><span><\/span><\/span><\/a><a href='#By train' data-av-tab-section-title='5' class='av-section-tab-title  av-tab-no-icon av-tab-no-image  '><span class='av-outer-tab-title'><span class='av-inner-tab-title'>By train<\/span><\/span><span class='av-tab-arrow-container'><span><\/span><\/span><\/a><\/div><div class='av-tab-section-inner-container avia-section-small' style='width:500vw; left:0%;'><span class='av_prev_tab_section av_tab_navigation'><\/span><span class='av_next_tab_section av_tab_navigation'><\/span>\n<div data-av-tab-section-content=\"1\" class=\"av-layout-tab av-animation-delay-container av-active-tab-content __av_init_open   \" style='vertical-align:top; '  data-tab-section-id=\"By car\"><div class='av-layout-tab-inner'><div class='container'><section class=\"av_textblock_section\"  itemscope=\"itemscope\" itemtype=\"https:\/\/schema.org\/CreativeWork\" ><div class='avia_textblock '   itemprop=\"text\" ><p>You can plan the route to Srima on Via Michelin web site:\u00a0<a href=\"http:\/\/www.viamichelin.com\/\" target=\"_blank\" rel=\"noopener\">http:\/\/www.viamichelin.com<br \/>\n<\/a><br \/>\nInformation on roads, traffic, travel directions, fuel prices and other can be obtained at the Croatian Automobile Club (HAK)<strong>+385 1 4640 800<\/strong>\u00a0(office hours are 0-24 throughout the year), or you can visit their website\u00a0<a title=\"HAK\" href=\"http:\/\/www.hak.hr\/\" target=\"_blank\" rel=\"noopener\">http:\/\/www.hak.hr\/<\/a>For road assistance call 987 whether it be repair or removal of the vehicle on the road. The services are charged according to the HAK pricelist.<\/p>\n<p>You can also seek help or information at the local automobile clubs:<br \/>\nHAK AK \u0160ibenik, Petra Grubi\u0161i\u0107a 9, \u0160ibenik :: tel:\u00a0<strong>+385 22 219 644<\/strong><br \/>\nHAK Zadar, Zrinsko-Frankopanska 16, Zadar :: tel:\u00a0<strong>+385 23 315 365<\/strong><\/p>\n<\/div><\/section>\n<\/div><\/div><\/div><div data-av-tab-section-content=\"2\" class=\"av-layout-tab av-animation-delay-container    \" style='vertical-align:top; '  data-tab-section-id=\"By plane\"><div class='av-layout-tab-inner'><div class='container'><section class=\"av_textblock_section\"  itemscope=\"itemscope\" itemtype=\"https:\/\/schema.org\/CreativeWork\" ><div class='avia_textblock '   itemprop=\"text\" ><p><a title=\"www.split-airport.hr\" href=\"http:\/\/www.split-airport.hr\/\" target=\"_blank\" rel=\"noopener\">www.split-airport.hr<\/a><br \/>\n<strong>tel: +385 21 203 555<\/strong><br \/>\nThe distance from Split to Vodice is 85 km.<\/p>\n<p><a title=\"ZADAR AIRPORT\" href=\"http:\/\/www.zadar-airport.hr\/\" target=\"_blank\" rel=\"noopener\">www.zadar-airport.hr<\/a><br \/>\ntel: +385 23 313 311<br \/>\nThe distance from Zadar to Vodice is 62 km.<br \/>\nTickets<br \/>\nCroatia Airlines \u2013 Split, Obala Hrvatskog narodnog preporoda 9<br \/>\ntel:\u00a0<strong>+385 21 362 997<\/strong>\u00a0:: mail:\u00a0<a href=\"mailto:sputo@croatiaairlines.hr\" target=\"_blank\" rel=\"noopener\">sputo@croatiaairlines.hr<\/a><\/p>\n<p>Croatia Airlines \u2013 Zadar, Poljana Natka Nodila 7<br \/>\ntel:\u00a0<strong>+385 23 250 101<\/strong>\u00a0:: mail:\u00a0<a href=\"mailto:zadto@croatiaairlines.hr\">zadto@croatiaairlines.hr<\/a><\/p>\n<\/div><\/section>\n<\/div><\/div><\/div><div data-av-tab-section-content=\"3\" class=\"av-layout-tab av-animation-delay-container    \" style='vertical-align:top; '  data-tab-section-id=\"By ship\"><div class='av-layout-tab-inner'><div class='container'><section class=\"av_textblock_section\"  itemscope=\"itemscope\" itemtype=\"https:\/\/schema.org\/CreativeWork\" ><div class='avia_textblock '   itemprop=\"text\" ><p>International ferry lines Zadar \u2013 Ancona :: Split \u2013 Ancona<br \/>\nThe sailing schedule can be found on Jadrolinija\u2019s official web site:<a title=\"JADROLINIJA\" href=\"http:\/\/www.jadrolinija.hr\/\" target=\"_blank\" rel=\"noopener\">http:\/\/www.jadrolinija.hr\/<\/a><\/p>\n<p><strong>Tickets<\/strong><br \/>\nJadrolinija \u2013 \u0160ibenik, Obala hrvatske mornarice bb :: tel:\u00a0<strong>+385 22 213468<\/strong><br \/>\nJadrolinija \u2013 Zadar, Liburnijska obala 7 :: tel:\u00a0<strong>+385 23 250 555<\/strong><br \/>\nJadrolinija \u2013 Split, Gat sv. Duje bb :: tel:\u00a0<strong>+385 21 338 333<\/strong><\/p>\n<\/div><\/section>\n<\/div><\/div><\/div><div data-av-tab-section-content=\"4\" class=\"av-layout-tab av-animation-delay-container    \" style='vertical-align:top; '  data-tab-section-id=\"By bus\"><div class='av-layout-tab-inner'><div class='container'><section class=\"av_textblock_section\"  itemscope=\"itemscope\" itemtype=\"https:\/\/schema.org\/CreativeWork\" ><div class='avia_textblock '   itemprop=\"text\" ><p>The town of Vodice is connected with all major European cities via Zagreb, \u0160ibenik, Zadar and Split bus terminals.<br \/>\nUseful links:\u00a0<a href=\"http:\/\/www.touring.de\/\" target=\"_blank\" rel=\"noopener\">www.touring.de<\/a>\u00a0::\u00a0<a href=\"http:\/\/www.eurolines.com\/\" target=\"_blank\" rel=\"noopener\">www.eurolines.com<\/a><\/p>\n<p>Tickets:<br \/>\nBus Terminal Vodice<br \/>\ntel:\u00a0<strong>+385 22 443 627<\/strong><\/p>\n<p>Bus Terminal Zadar<br \/>\ntel:\u00a0<strong>+385 23 211-555<\/strong><br \/>\ntel:\u00a0<strong>+385 23 211 035<\/strong><br \/>\nfax:\u00a0<strong>+385 23 311-086<\/strong><br \/>\ne-mail:\u00a0<a href=\"mailto:kontakt@liburnija-zadar.hr\" target=\"_blank\" rel=\"noopener\">kontakt@liburnija-zadar.hr<\/a><\/p>\n<p>Bus Terminal Zagreb\u00a0<a href=\"http:\/\/www.akz.hr\/\" target=\"_blank\" rel=\"noopener\">http:\/\/www.akz.hr<\/a>\/<br \/>\ntel:\u00a0<strong>+385 (0)60 313 333<\/strong><\/p>\n<p>Bus Terminal \u0160ibenik<br \/>\ntel:\u00a0<strong>+385 (0)60 368 368<\/strong><br \/>\nfax:\u00a0<strong>+385 22 219 892<\/strong><br \/>\ne-mail:\u00a0<a href=\"mailto:autotransport@si.htnet.hr\" target=\"_blank\" rel=\"noopener\">autotransport@si.htnet.hr<\/a><\/p>\n<p>Bus Terminal Split<br \/>\ntel:\u00a0<strong>+385 21 329-180<\/strong><br \/>\nfax:\u00a0<strong>+385 21 329-182<\/strong><br \/>\n<a href=\"http:\/\/www.ak-split.hr\/\" target=\"_blank\" rel=\"noopener\">http:\/\/www.ak-split.hr\/<\/a><br \/>\n<a href=\"mailto:info@ak-split.hr\" target=\"_blank\" rel=\"noopener\">info@ak-split.hr<\/a><\/p>\n<\/div><\/section>\n<\/div><\/div><\/div><div data-av-tab-section-content=\"5\" class=\"av-layout-tab av-animation-delay-container    \" style='vertical-align:top; '  data-tab-section-id=\"By train\"><div class='av-layout-tab-inner'><div class='container'><section class=\"av_textblock_section\"  itemscope=\"itemscope\" itemtype=\"https:\/\/schema.org\/CreativeWork\" ><div class='avia_textblock '   itemprop=\"text\" ><p>The town of Vodice is connected with all major European towns via \u0160ibenik train station. The train schedule can be found on Croatian Railways\u2019 official web site:\u00a0<a href=\"http:\/\/www.hznet.hr\/\" target=\"_blank\" rel=\"noopener\">http:\/\/www.hznet.hr\/<\/a><\/p>\n<p>Tickets<br \/>\nTrain Station \u0160ibenik :: tel:\u00a0<strong>+385 22 333 696<\/strong><\/p>\n<\/div><\/section>\n<\/div><\/div><\/div><\/div><\/div><\/div><div class='av-social-sharing-box '><div class='av-share-box'><h5 class='av-share-link-description'>Podijeli s prijateljima<\/h5><ul class='av-share-box-list noLightbox'><li class='av-share-link av-social-link-facebook' ><a target='_blank' href='http:\/\/www.facebook.com\/sharer.php?u=http:\/\/www.apartments-srima.com\/en\/kako-do-nas\/&amp;t=Travel%20info' aria-hidden='true' data-av_icon='\ue8f3' data-av_iconfont='entypo-fontello' title='' data-avia-related-tooltip='Share on Facebook'><span class='avia_hidden_link_text'>Share on Facebook<\/span><\/a><\/li><li class='av-share-link av-social-link-twitter' ><a target='_blank' href='https:\/\/twitter.com\/share?text=Travel%20info&url=http:\/\/www.apartments-srima.com\/en\/?p=673' aria-hidden='true' data-av_icon='\ue8f1' data-av_iconfont='entypo-fontello' title='' data-avia-related-tooltip='Share on Twitter'><span class='avia_hidden_link_text'>Share on Twitter<\/span><\/a><\/li><li class='av-share-link av-social-link-gplus' ><a target='_blank' href='https:\/\/plus.google.com\/share?url=http:\/\/www.apartments-srima.com\/en\/kako-do-nas\/' aria-hidden='true' data-av_icon='\ue8f6' data-av_iconfont='entypo-fontello' title='' data-avia-related-tooltip='Share on Google+'><span class='avia_hidden_link_text'>Share on Google+<\/span><\/a><\/li><li class='av-share-link av-social-link-mail' ><a  href='mailto:?subject=Travel%20info&amp;body=http:\/\/www.apartments-srima.com\/en\/kako-do-nas\/' aria-hidden='true' data-av_icon='\ue805' data-av_iconfont='entypo-fontello' title='' data-avia-related-tooltip='Share by Mail'><span class='avia_hidden_link_text'>Share by Mail<\/span><\/a><\/li><\/ul><\/div><\/div><\/p>\n","protected":false},"excerpt":{"rendered":"","protected":false},"author":1,"featured_media":0,"parent":0,"menu_order":0,"comment_status":"closed","ping_status":"closed","template":"","meta":[],"acf":[],"yoast_head":"<!-- This site is optimized with the Yoast SEO plugin v19.4 - https:\/\/yoast.com\/wordpress\/plugins\/seo\/ -->\n<title>Travel info - Villa D&amp;I<\/title>\n<meta name=\"robots\" content=\"index, follow, max-snippet:-1, max-image-preview:large, max-video-preview:-1\" \/>\n<link rel=\"canonical\" href=\"http:\/\/www.apartments-srima.com\/en\/kako-do-nas\/\" \/>\n<meta property=\"og:locale\" content=\"en_US\" \/>\n<meta property=\"og:type\" content=\"article\" \/>\n<meta property=\"og:title\" content=\"Travel info - Villa D&amp;I\" \/>\n<meta property=\"og:url\" content=\"http:\/\/www.apartments-srima.com\/en\/kako-do-nas\/\" \/>\n<meta property=\"og:site_name\" content=\"Villa D&amp;I\" \/>\n<meta property=\"article:modified_time\" content=\"2017-07-23T13:59:35+00:00\" \/>\n<meta name=\"twitter:card\" content=\"summary_large_image\" \/>\n<meta name=\"twitter:label1\" content=\"Est. reading time\" \/>\n\t<meta name=\"twitter:data1\" content=\"4 minutes\" \/>\n<script type=\"application\/ld+json\" class=\"yoast-schema-graph\">{\"@context\":\"https:\/\/schema.org\",\"@graph\":[{\"@type\":\"WebSite\",\"@id\":\"http:\/\/www.apartments-srima.com\/#website\",\"url\":\"http:\/\/www.apartments-srima.com\/\",\"name\":\"Villa D&amp;I\",\"description\":\"Apartments Srima\",\"potentialAction\":[{\"@type\":\"SearchAction\",\"target\":{\"@type\":\"EntryPoint\",\"urlTemplate\":\"http:\/\/www.apartments-srima.com\/?s={search_term_string}\"},\"query-input\":\"required name=search_term_string\"}],\"inLanguage\":\"en-US\"},{\"@type\":\"WebPage\",\"@id\":\"http:\/\/www.apartments-srima.com\/en\/kako-do-nas\/\",\"url\":\"http:\/\/www.apartments-srima.com\/en\/kako-do-nas\/\",\"name\":\"Travel info - Villa D&amp;I\",\"isPartOf\":{\"@id\":\"http:\/\/www.apartments-srima.com\/#website\"},\"datePublished\":\"2017-06-04T10:35:26+00:00\",\"dateModified\":\"2017-07-23T13:59:35+00:00\",\"breadcrumb\":{\"@id\":\"http:\/\/www.apartments-srima.com\/en\/kako-do-nas\/#breadcrumb\"},\"inLanguage\":\"en-US\",\"potentialAction\":[{\"@type\":\"ReadAction\",\"target\":[\"http:\/\/www.apartments-srima.com\/en\/kako-do-nas\/\"]}]},{\"@type\":\"BreadcrumbList\",\"@id\":\"http:\/\/www.apartments-srima.com\/en\/kako-do-nas\/#breadcrumb\",\"itemListElement\":[{\"@type\":\"ListItem\",\"position\":1,\"name\":\"Home\",\"item\":\"https:\/\/www.apartments-srima.com\/en\/\"},{\"@type\":\"ListItem\",\"position\":2,\"name\":\"Travel info\"}]}]}<\/script>\n<!-- \/ Yoast SEO plugin. -->","yoast_head_json":{"title":"Travel info - Villa D&amp;I","robots":{"index":"index","follow":"follow","max-snippet":"max-snippet:-1","max-image-preview":"max-image-preview:large","max-video-preview":"max-video-preview:-1"},"canonical":"http:\/\/www.apartments-srima.com\/en\/kako-do-nas\/","og_locale":"en_US","og_type":"article","og_title":"Travel info - Villa D&amp;I","og_url":"http:\/\/www.apartments-srima.com\/en\/kako-do-nas\/","og_site_name":"Villa D&amp;I","article_modified_time":"2017-07-23T13:59:35+00:00","twitter_card":"summary_large_image","twitter_misc":{"Est. reading time":"4 minutes"},"schema":{"@context":"https:\/\/schema.org","@graph":[{"@type":"WebSite","@id":"http:\/\/www.apartments-srima.com\/#website","url":"http:\/\/www.apartments-srima.com\/","name":"Villa D&amp;I","description":"Apartments Srima","potentialAction":[{"@type":"SearchAction","target":{"@type":"EntryPoint","urlTemplate":"http:\/\/www.apartments-srima.com\/?s={search_term_string}"},"query-input":"required name=search_term_string"}],"inLanguage":"en-US"},{"@type":"WebPage","@id":"http:\/\/www.apartments-srima.com\/en\/kako-do-nas\/","url":"http:\/\/www.apartments-srima.com\/en\/kako-do-nas\/","name":"Travel info - Villa D&amp;I","isPartOf":{"@id":"http:\/\/www.apartments-srima.com\/#website"},"datePublished":"2017-06-04T10:35:26+00:00","dateModified":"2017-07-23T13:59:35+00:00","breadcrumb":{"@id":"http:\/\/www.apartments-srima.com\/en\/kako-do-nas\/#breadcrumb"},"inLanguage":"en-US","potentialAction":[{"@type":"ReadAction","target":["http:\/\/www.apartments-srima.com\/en\/kako-do-nas\/"]}]},{"@type":"BreadcrumbList","@id":"http:\/\/www.apartments-srima.com\/en\/kako-do-nas\/#breadcrumb","itemListElement":[{"@type":"ListItem","position":1,"name":"Home","item":"https:\/\/www.apartments-srima.com\/en\/"},{"@type":"ListItem","position":2,"name":"Travel info"}]}]}},"_links":{"self":[{"href":"http:\/\/www.apartments-srima.com\/en\/wp-json\/wp\/v2\/pages\/673"}],"collection":[{"href":"http:\/\/www.apartments-srima.com\/en\/wp-json\/wp\/v2\/pages"}],"about":[{"href":"http:\/\/www.apartments-srima.com\/en\/wp-json\/wp\/v2\/types\/page"}],"author":[{"embeddable":true,"href":"http:\/\/www.apartments-srima.com\/en\/wp-json\/wp\/v2\/users\/1"}],"replies":[{"embeddable":true,"href":"http:\/\/www.apartments-srima.com\/en\/wp-json\/wp\/v2\/comments?post=673"}],"version-history":[{"count":2,"href":"http:\/\/www.apartments-srima.com\/en\/wp-json\/wp\/v2\/pages\/673\/revisions"}],"predecessor-version":[{"id":675,"href":"http:\/\/www.apartments-srima.com\/en\/wp-json\/wp\/v2\/pages\/673\/revisions\/675"}],"wp:attachment":[{"href":"http:\/\/www.apartments-srima.com\/en\/wp-json\/wp\/v2\/media?parent=673"}],"curies":[{"name":"wp","href":"https:\/\/api.w.org\/{rel}","templated":true}]}}