{"id":660,"date":"2014-08-24T17:14:26","date_gmt":"2014-08-24T17:14:26","guid":{"rendered":"http:\/\/www.apartments-srima.com\/o-nama\/"},"modified":"2017-07-23T15:24:52","modified_gmt":"2017-07-23T13:24:52","slug":"o-nama","status":"publish","type":"page","link":"http:\/\/www.apartments-srima.com\/de\/o-nama\/","title":{"rendered":"Uber uns"},"content":{"rendered":"<\/div><\/div><\/div><!-- close content main div --><\/div><\/div><div id='av_section_1' class='avia-section main_color avia-section-large avia-no-border-styling avia-full-stretch av-section-color-overlay-active avia-bg-style-scroll  container_wrap fullsize' style = 'background-repeat: no-repeat; background-image: url(http:\/\/www.apartments-srima.com\/wp-content\/uploads\/2014\/08\/balkon.jpg); background-attachment: scroll; background-position: center center; ' data-section-bg-repeat='stretch' ><div class='av-section-color-overlay-wrap'><div class='av-section-color-overlay' style='opacity: 0.4; background-color: #000000; '><\/div><div class='container' ><div class='template-page content  av-content-full alpha units'><div class='post-entry post-entry-type-page post-entry-660'><div class='entry-content-wrapper clearfix'>\n<div style='padding-bottom:10px;color:#ffffff;font-size:70px;' class='av-special-heading av-special-heading-h6 custom-color-heading blockquote modern-quote modern-centered  av-inherit-size'><h6 class='av-special-heading-tag'  itemprop=\"headline\"  >Uber uns<\/h6><div class='special-heading-border'><div class='special-heading-inner-border' style='border-color:#ffffff'><\/div><\/div><\/div>\n<\/div><\/div><\/div><!-- close content main div --><\/div><\/div><\/div><div id='av_section_2' class='avia-section main_color avia-section-default avia-no-shadow avia-bg-style-scroll  container_wrap fullsize'   ><div class='container' ><div class='template-page content  av-content-full alpha units'><div class='post-entry post-entry-type-page post-entry-660'><div class='entry-content-wrapper clearfix'>\n<div class=\"flex_column av_one_half  av-animated-generic bottom-to-top  flex_column_div av-zero-column-padding first  \" style='border-radius:0px; '><section class=\"av_textblock_section\"  itemscope=\"itemscope\" itemtype=\"https:\/\/schema.org\/CreativeWork\" ><div class='avia_textblock '   itemprop=\"text\" ><p>Wenn sie sich im Urlaub tats\u00e4chlich erholen wollen, dann ist das Apartmenthaus VILLA D&amp;I SRIMA genau richtig. Sie befindet sich im beschaulichen, kleinen Ort Srima, nahe Vodice und der Gro\u00dfstadt Sibenik und liegt unmittelbar am Meer. Von Den Terrassen erstreckt sich der Blick auf das Meer, die Insel Prvic und auf die Panorama von Vodice.<\/p>\n<p>Die Villa verf\u00fcgt \u00fcber 13 modern ausgestatteten Apartments in verschiedenen Gr\u00f6\u00dfen und dem G\u00e4steparkplatz. Alle Apartments sind mit 3* kategorisiert. Es sind Einzimmerapartments, verf\u00fcgen aber mit komfortablen Hilfsbetten im ger\u00e4umigen Wohnzimmer. Dies bedeutet, dass die Villa mit 52 Betten verf\u00fcgt. Die Zimmer sind\u00a0 Mit neuen Qualit\u00e4tsm\u00f6beln und Inventar und mit Klimaanlagen ausgestattet. Dadurch ist ein angenehmer Aufenthalt w\u00e4hrend des ganzen Jahres sowohl f\u00fcr Gruppen als auch f\u00fcr Familien und Einzelpersonen garantiert.<\/p>\n<\/div><\/section><\/div><div class=\"flex_column av_one_half  av-animated-generic bottom-to-top  flex_column_div av-zero-column-padding   \" style='border-radius:0px; '><section class=\"av_textblock_section\"  itemscope=\"itemscope\" itemtype=\"https:\/\/schema.org\/CreativeWork\" ><div class='avia_textblock '   itemprop=\"text\" ><p>Die Apartments der Villa D&amp;I k\u00f6nnen mit Voll- oder Halbpension oder auch ohne Verpflegung w\u00e4hrend des ganzen Jahres gebucht werden. Im Haus befindet sich auch das Lokal Bistro-Pizzeria \u201eIvo\u201c , sowie ein Verleihdienst f\u00fcr Strandliegen, Sonnenschirme und Fahrr\u00e4der.<\/p>\n<p>Der Strand ist einige Schritte entfernt. Ein kurzer Spaziergang f\u00fchrt sie in den wundersch\u00f6nen\u00a0 ort Vodice \u2013 ein bekannter Touristentreffpunkt. Wenige Kilometer weiter liegt die Stadt Sibenik, reich an Kulturdenkm\u00e4lern sowie der Nationalpark Krka. Ob Sie eine ruhige Erholung oder einen aktiven Urlaub mit ganzt\u00e4gigen Ausfl\u00fcgen und Nachtleben haben m\u00f6chten \u2013 sie sind bei uns auf dem richtigen Ort.<\/p>\n<div id=\"ngg-gallery-b35d62a1293c506b4839ee49a3e5b783-1\" class=\"ngg-galleryoverview ngg-ajax-pagination-none\"><\/div>\n<\/div><\/section><\/div><\/p>\n","protected":false},"excerpt":{"rendered":"","protected":false},"author":1,"featured_media":0,"parent":0,"menu_order":0,"comment_status":"open","ping_status":"open","template":"","meta":[],"acf":[],"yoast_head":"<!-- This site is optimized with the Yoast SEO plugin v19.4 - https:\/\/yoast.com\/wordpress\/plugins\/seo\/ -->\n<title>Uber uns - Villa D&amp;I<\/title>\n<meta name=\"robots\" content=\"index, follow, max-snippet:-1, max-image-preview:large, max-video-preview:-1\" \/>\n<link rel=\"canonical\" href=\"http:\/\/www.apartments-srima.com\/de\/o-nama\/\" \/>\n<meta property=\"og:locale\" content=\"de_DE\" \/>\n<meta property=\"og:type\" content=\"article\" \/>\n<meta property=\"og:title\" content=\"Uber uns - Villa D&amp;I\" \/>\n<meta property=\"og:url\" content=\"http:\/\/www.apartments-srima.com\/de\/o-nama\/\" \/>\n<meta property=\"og:site_name\" content=\"Villa D&amp;I\" \/>\n<meta property=\"article:modified_time\" content=\"2017-07-23T13:24:52+00:00\" \/>\n<meta name=\"twitter:card\" content=\"summary_large_image\" \/>\n<meta name=\"twitter:label1\" content=\"Gesch\u00e4tzte Lesezeit\" \/>\n\t<meta name=\"twitter:data1\" content=\"3\u00a0Minuten\" \/>\n<script type=\"application\/ld+json\" class=\"yoast-schema-graph\">{\"@context\":\"https:\/\/schema.org\",\"@graph\":[{\"@type\":\"WebSite\",\"@id\":\"http:\/\/www.apartments-srima.com\/#website\",\"url\":\"http:\/\/www.apartments-srima.com\/\",\"name\":\"Villa D&amp;I\",\"description\":\"Apartments Srima\",\"potentialAction\":[{\"@type\":\"SearchAction\",\"target\":{\"@type\":\"EntryPoint\",\"urlTemplate\":\"http:\/\/www.apartments-srima.com\/?s={search_term_string}\"},\"query-input\":\"required name=search_term_string\"}],\"inLanguage\":\"de\"},{\"@type\":\"WebPage\",\"@id\":\"http:\/\/www.apartments-srima.com\/de\/o-nama\/\",\"url\":\"http:\/\/www.apartments-srima.com\/de\/o-nama\/\",\"name\":\"Uber uns - Villa D&amp;I\",\"isPartOf\":{\"@id\":\"http:\/\/www.apartments-srima.com\/#website\"},\"datePublished\":\"2014-08-24T17:14:26+00:00\",\"dateModified\":\"2017-07-23T13:24:52+00:00\",\"breadcrumb\":{\"@id\":\"http:\/\/www.apartments-srima.com\/de\/o-nama\/#breadcrumb\"},\"inLanguage\":\"de\",\"potentialAction\":[{\"@type\":\"ReadAction\",\"target\":[\"http:\/\/www.apartments-srima.com\/de\/o-nama\/\"]}]},{\"@type\":\"BreadcrumbList\",\"@id\":\"http:\/\/www.apartments-srima.com\/de\/o-nama\/#breadcrumb\",\"itemListElement\":[{\"@type\":\"ListItem\",\"position\":1,\"name\":\"Home\",\"item\":\"http:\/\/www.apartments-srima.com\/\"},{\"@type\":\"ListItem\",\"position\":2,\"name\":\"Uber uns\"}]}]}<\/script>\n<!-- \/ Yoast SEO plugin. -->","yoast_head_json":{"title":"Uber uns - Villa D&amp;I","robots":{"index":"index","follow":"follow","max-snippet":"max-snippet:-1","max-image-preview":"max-image-preview:large","max-video-preview":"max-video-preview:-1"},"canonical":"http:\/\/www.apartments-srima.com\/de\/o-nama\/","og_locale":"de_DE","og_type":"article","og_title":"Uber uns - Villa D&amp;I","og_url":"http:\/\/www.apartments-srima.com\/de\/o-nama\/","og_site_name":"Villa D&amp;I","article_modified_time":"2017-07-23T13:24:52+00:00","twitter_card":"summary_large_image","twitter_misc":{"Gesch\u00e4tzte Lesezeit":"3\u00a0Minuten"},"schema":{"@context":"https:\/\/schema.org","@graph":[{"@type":"WebSite","@id":"http:\/\/www.apartments-srima.com\/#website","url":"http:\/\/www.apartments-srima.com\/","name":"Villa D&amp;I","description":"Apartments Srima","potentialAction":[{"@type":"SearchAction","target":{"@type":"EntryPoint","urlTemplate":"http:\/\/www.apartments-srima.com\/?s={search_term_string}"},"query-input":"required name=search_term_string"}],"inLanguage":"de"},{"@type":"WebPage","@id":"http:\/\/www.apartments-srima.com\/de\/o-nama\/","url":"http:\/\/www.apartments-srima.com\/de\/o-nama\/","name":"Uber uns - Villa D&amp;I","isPartOf":{"@id":"http:\/\/www.apartments-srima.com\/#website"},"datePublished":"2014-08-24T17:14:26+00:00","dateModified":"2017-07-23T13:24:52+00:00","breadcrumb":{"@id":"http:\/\/www.apartments-srima.com\/de\/o-nama\/#breadcrumb"},"inLanguage":"de","potentialAction":[{"@type":"ReadAction","target":["http:\/\/www.apartments-srima.com\/de\/o-nama\/"]}]},{"@type":"BreadcrumbList","@id":"http:\/\/www.apartments-srima.com\/de\/o-nama\/#breadcrumb","itemListElement":[{"@type":"ListItem","position":1,"name":"Home","item":"http:\/\/www.apartments-srima.com\/"},{"@type":"ListItem","position":2,"name":"Uber uns"}]}]}},"_links":{"self":[{"href":"http:\/\/www.apartments-srima.com\/de\/wp-json\/wp\/v2\/pages\/660"}],"collection":[{"href":"http:\/\/www.apartments-srima.com\/de\/wp-json\/wp\/v2\/pages"}],"about":[{"href":"http:\/\/www.apartments-srima.com\/de\/wp-json\/wp\/v2\/types\/page"}],"author":[{"embeddable":true,"href":"http:\/\/www.apartments-srima.com\/de\/wp-json\/wp\/v2\/users\/1"}],"replies":[{"embeddable":true,"href":"http:\/\/www.apartments-srima.com\/de\/wp-json\/wp\/v2\/comments?post=660"}],"version-history":[{"count":1,"href":"http:\/\/www.apartments-srima.com\/de\/wp-json\/wp\/v2\/pages\/660\/revisions"}],"predecessor-version":[{"id":661,"href":"http:\/\/www.apartments-srima.com\/de\/wp-json\/wp\/v2\/pages\/660\/revisions\/661"}],"wp:attachment":[{"href":"http:\/\/www.apartments-srima.com\/de\/wp-json\/wp\/v2\/media?parent=660"}],"curies":[{"name":"wp","href":"https:\/\/api.w.org\/{rel}","templated":true}]}}