{"id":761,"date":"2017-06-04T12:35:42","date_gmt":"2017-06-04T10:35:42","guid":{"rendered":"http:\/\/www.apartments-srima.com\/cjenik\/"},"modified":"2017-07-23T21:53:11","modified_gmt":"2017-07-23T19:53:11","slug":"cjenik","status":"publish","type":"page","link":"http:\/\/www.apartments-srima.com\/cs\/cjenik\/","title":{"rendered":"Cen\u00edk"},"content":{"rendered":"<\/div><\/div><\/div><!-- close content main div --><\/div><\/div><div id='av_section_1' class='avia-section main_color avia-section-large avia-no-border-styling avia-full-stretch av-section-color-overlay-active avia-bg-style-scroll  container_wrap fullsize' style = 'background-repeat: no-repeat; background-image: url(http:\/\/www.apartments-srima.com\/wp-content\/uploads\/2017\/06\/brod.jpg); background-attachment: scroll; background-position: top center; ' data-section-bg-repeat='stretch' ><div class='av-section-color-overlay-wrap'><div class='av-section-color-overlay' style='opacity: 0.4; background-color: #000000; '><\/div><div class='container' ><div class='template-page content  av-content-full alpha units'><div class='post-entry post-entry-type-page post-entry-761'><div class='entry-content-wrapper clearfix'>\n<div style='padding-bottom:10px;color:#ffffff;font-size:70px;' class='av-special-heading av-special-heading-h6 custom-color-heading blockquote modern-quote modern-centered  av-inherit-size'><h6 class='av-special-heading-tag'  itemprop=\"headline\"  >Cen\u00edk<\/h6><div class='special-heading-border'><div class='special-heading-inner-border' style='border-color:#ffffff'><\/div><\/div><\/div>\n<\/div><\/div><\/div><!-- close content main div --><\/div><\/div><\/div><div id='av_section_2' class='avia-section main_color avia-section-default avia-no-shadow avia-bg-style-scroll  container_wrap fullsize'   ><div class='container' ><div class='template-page content  av-content-full alpha units'><div class='post-entry post-entry-type-page post-entry-761'><div class='entry-content-wrapper clearfix'>\n<div class=\"flex_column av_one_half  av-animated-generic bottom-to-top  flex_column_div av-zero-column-padding first  \" style='border-radius:0px; '><section class=\"av_textblock_section\"  itemscope=\"itemscope\" itemtype=\"https:\/\/schema.org\/CreativeWork\" ><div class='avia_textblock '   itemprop=\"text\" ><h3 class=\"font\">Cena na vy\u017e\u00e1d\u00e1n\u00ed.<\/h3>\n<p class=\"font\">Ceny apartm\u00e1n\u016f nezahrnuj\u00ed pobytovou taxu, kter\u00e1 \u010din\u00ed 1,00 \u20ac za den pro dosp\u011bl\u00e9, pro mlad\u00e9 12-18 je 0,50 \u20ac za den a d\u011bti jsou zdarma.<\/p>\n<\/div><\/section><\/div><div class=\"flex_column av_one_half  av-animated-generic bottom-to-top  flex_column_div av-zero-column-padding   \" style='border-radius:0px; '><section class=\"av_textblock_section\"  itemscope=\"itemscope\" itemtype=\"https:\/\/schema.org\/CreativeWork\" ><div class='avia_textblock '   itemprop=\"text\" ><p>Check-in za\u010d\u00edn\u00e1 v 16:00.<\/p>\n<p>Check-out je nejpozd\u011bji do 10:00.<\/p>\n<p>Bohu\u017eel zv\u00ed\u0159ata nejsou povolena.<\/p>\n<p>P\u0159i rezervaci minim\u00e1ln\u011b 25% p\u0159edplatn\u00e9ho je nutn\u00e9.<\/p>\n<\/div><\/section><\/div><\/p>\n","protected":false},"excerpt":{"rendered":"","protected":false},"author":1,"featured_media":0,"parent":0,"menu_order":0,"comment_status":"closed","ping_status":"closed","template":"","meta":[],"acf":[],"yoast_head":"<!-- This site is optimized with the Yoast SEO plugin v19.4 - https:\/\/yoast.com\/wordpress\/plugins\/seo\/ -->\n<title>Cen\u00edk - Villa D&amp;I<\/title>\n<meta name=\"robots\" content=\"index, follow, max-snippet:-1, max-image-preview:large, max-video-preview:-1\" \/>\n<link rel=\"canonical\" href=\"http:\/\/www.apartments-srima.com\/cs\/cjenik\/\" \/>\n<meta property=\"og:locale\" content=\"cs_CZ\" \/>\n<meta property=\"og:type\" content=\"article\" \/>\n<meta property=\"og:title\" content=\"Cen\u00edk - Villa D&amp;I\" \/>\n<meta property=\"og:url\" content=\"http:\/\/www.apartments-srima.com\/cs\/cjenik\/\" \/>\n<meta property=\"og:site_name\" content=\"Villa D&amp;I\" \/>\n<meta property=\"article:modified_time\" content=\"2017-07-23T19:53:11+00:00\" \/>\n<meta name=\"twitter:card\" content=\"summary_large_image\" \/>\n<meta name=\"twitter:label1\" content=\"Odhadovan\u00e1 doba \u010dten\u00ed\" \/>\n\t<meta name=\"twitter:data1\" content=\"2 minuty\" \/>\n<script type=\"application\/ld+json\" class=\"yoast-schema-graph\">{\"@context\":\"https:\/\/schema.org\",\"@graph\":[{\"@type\":\"WebSite\",\"@id\":\"http:\/\/www.apartments-srima.com\/#website\",\"url\":\"http:\/\/www.apartments-srima.com\/\",\"name\":\"Villa D&amp;I\",\"description\":\"Apartments Srima\",\"potentialAction\":[{\"@type\":\"SearchAction\",\"target\":{\"@type\":\"EntryPoint\",\"urlTemplate\":\"http:\/\/www.apartments-srima.com\/?s={search_term_string}\"},\"query-input\":\"required name=search_term_string\"}],\"inLanguage\":\"cs\"},{\"@type\":\"WebPage\",\"@id\":\"http:\/\/www.apartments-srima.com\/cs\/cjenik\/\",\"url\":\"http:\/\/www.apartments-srima.com\/cs\/cjenik\/\",\"name\":\"Cen\u00edk - Villa D&amp;I\",\"isPartOf\":{\"@id\":\"http:\/\/www.apartments-srima.com\/#website\"},\"datePublished\":\"2017-06-04T10:35:42+00:00\",\"dateModified\":\"2017-07-23T19:53:11+00:00\",\"breadcrumb\":{\"@id\":\"http:\/\/www.apartments-srima.com\/cs\/cjenik\/#breadcrumb\"},\"inLanguage\":\"cs\",\"potentialAction\":[{\"@type\":\"ReadAction\",\"target\":[\"http:\/\/www.apartments-srima.com\/cs\/cjenik\/\"]}]},{\"@type\":\"BreadcrumbList\",\"@id\":\"http:\/\/www.apartments-srima.com\/cs\/cjenik\/#breadcrumb\",\"itemListElement\":[{\"@type\":\"ListItem\",\"position\":1,\"name\":\"Home\",\"item\":\"http:\/\/www.apartments-srima.com\/\"},{\"@type\":\"ListItem\",\"position\":2,\"name\":\"Cen\u00edk\"}]}]}<\/script>\n<!-- \/ Yoast SEO plugin. -->","yoast_head_json":{"title":"Cen\u00edk - Villa D&amp;I","robots":{"index":"index","follow":"follow","max-snippet":"max-snippet:-1","max-image-preview":"max-image-preview:large","max-video-preview":"max-video-preview:-1"},"canonical":"http:\/\/www.apartments-srima.com\/cs\/cjenik\/","og_locale":"cs_CZ","og_type":"article","og_title":"Cen\u00edk - Villa D&amp;I","og_url":"http:\/\/www.apartments-srima.com\/cs\/cjenik\/","og_site_name":"Villa D&amp;I","article_modified_time":"2017-07-23T19:53:11+00:00","twitter_card":"summary_large_image","twitter_misc":{"Odhadovan\u00e1 doba \u010dten\u00ed":"2 minuty"},"schema":{"@context":"https:\/\/schema.org","@graph":[{"@type":"WebSite","@id":"http:\/\/www.apartments-srima.com\/#website","url":"http:\/\/www.apartments-srima.com\/","name":"Villa D&amp;I","description":"Apartments Srima","potentialAction":[{"@type":"SearchAction","target":{"@type":"EntryPoint","urlTemplate":"http:\/\/www.apartments-srima.com\/?s={search_term_string}"},"query-input":"required name=search_term_string"}],"inLanguage":"cs"},{"@type":"WebPage","@id":"http:\/\/www.apartments-srima.com\/cs\/cjenik\/","url":"http:\/\/www.apartments-srima.com\/cs\/cjenik\/","name":"Cen\u00edk - Villa D&amp;I","isPartOf":{"@id":"http:\/\/www.apartments-srima.com\/#website"},"datePublished":"2017-06-04T10:35:42+00:00","dateModified":"2017-07-23T19:53:11+00:00","breadcrumb":{"@id":"http:\/\/www.apartments-srima.com\/cs\/cjenik\/#breadcrumb"},"inLanguage":"cs","potentialAction":[{"@type":"ReadAction","target":["http:\/\/www.apartments-srima.com\/cs\/cjenik\/"]}]},{"@type":"BreadcrumbList","@id":"http:\/\/www.apartments-srima.com\/cs\/cjenik\/#breadcrumb","itemListElement":[{"@type":"ListItem","position":1,"name":"Home","item":"http:\/\/www.apartments-srima.com\/"},{"@type":"ListItem","position":2,"name":"Cen\u00edk"}]}]}},"_links":{"self":[{"href":"http:\/\/www.apartments-srima.com\/cs\/wp-json\/wp\/v2\/pages\/761"}],"collection":[{"href":"http:\/\/www.apartments-srima.com\/cs\/wp-json\/wp\/v2\/pages"}],"about":[{"href":"http:\/\/www.apartments-srima.com\/cs\/wp-json\/wp\/v2\/types\/page"}],"author":[{"embeddable":true,"href":"http:\/\/www.apartments-srima.com\/cs\/wp-json\/wp\/v2\/users\/1"}],"replies":[{"embeddable":true,"href":"http:\/\/www.apartments-srima.com\/cs\/wp-json\/wp\/v2\/comments?post=761"}],"version-history":[{"count":2,"href":"http:\/\/www.apartments-srima.com\/cs\/wp-json\/wp\/v2\/pages\/761\/revisions"}],"predecessor-version":[{"id":763,"href":"http:\/\/www.apartments-srima.com\/cs\/wp-json\/wp\/v2\/pages\/761\/revisions\/763"}],"wp:attachment":[{"href":"http:\/\/www.apartments-srima.com\/cs\/wp-json\/wp\/v2\/media?parent=761"}],"curies":[{"name":"wp","href":"https:\/\/api.w.org\/{rel}","templated":true}]}}