{"id":670,"date":"2017-06-04T12:34:31","date_gmt":"2017-06-04T10:34:31","guid":{"rendered":"http:\/\/www.apartments-srima.com\/srima\/"},"modified":"2017-07-23T15:29:42","modified_gmt":"2017-07-23T13:29:42","slug":"srima","status":"publish","type":"page","link":"http:\/\/www.apartments-srima.com\/cs\/srima\/","title":{"rendered":"Srima"},"content":{"rendered":"<\/div><\/div><\/div><!-- close content main div --><\/div><\/div><div id='av_section_1' class='avia-section main_color avia-section-large avia-no-border-styling avia-full-stretch av-section-color-overlay-active avia-bg-style-scroll  container_wrap fullsize' style = 'background-repeat: no-repeat; background-image: url(http:\/\/www.apartments-srima.com\/wp-content\/uploads\/2017\/06\/srima-1.jpg); background-attachment: scroll; background-position: center center; ' data-section-bg-repeat='stretch' ><div class='av-section-color-overlay-wrap'><div class='av-section-color-overlay' style='opacity: 0.4; background-color: #000000; '><\/div><div class='container' ><div class='template-page content  av-content-full alpha units'><div class='post-entry post-entry-type-page post-entry-670'><div class='entry-content-wrapper clearfix'>\n<div style='padding-bottom:10px;color:#ffffff;font-size:70px;' class='av-special-heading av-special-heading-h6 custom-color-heading blockquote modern-quote modern-centered  av-inherit-size'><h6 class='av-special-heading-tag'  itemprop=\"headline\"  >Srima<\/h6><div class='special-heading-border'><div class='special-heading-inner-border' style='border-color:#ffffff'><\/div><\/div><\/div>\n\n<\/div><\/div><\/div><!-- close content main div --><\/div><\/div><\/div><div id='av_section_2' class='avia-section main_color avia-section-default avia-no-shadow avia-bg-style-scroll  container_wrap fullsize'   ><div class='container' ><div class='template-page content  av-content-full alpha units'><div class='post-entry post-entry-type-page post-entry-670'><div class='entry-content-wrapper clearfix'>\n<div class=\"flex_column av_one_half  av-animated-generic bottom-to-top  flex_column_div av-zero-column-padding first  \" style='border-radius:0px; '><section class=\"av_textblock_section\"  itemscope=\"itemscope\" itemtype=\"https:\/\/schema.org\/CreativeWork\" ><div class='avia_textblock '   itemprop=\"text\" ><p>Srima je mal\u00e9 m\u011bsto na pob\u0159e\u017e\u00ed Jadersk\u00e9ho mo\u0159e, v srdci Dalm\u00e1cie. Zde na pom\u011brn\u011b mal\u00e9m m\u00edst\u011b najdete mnoho p\u0159\u00edrodn\u00edch kr\u00e1s, stejn\u011b jako bohatou historii odhalenou v st\u0159edomo\u0159sk\u00e9 architektu\u0159e, cenn\u00e9 historick\u00e9 pam\u00e1tky.<\/p>\n<p>Tak\u017ee osoba s horlivost\u00ed pro akci a prozkoum\u00e1n\u00ed nebude muset j\u00edt daleko, aby na\u0161la \u0161irokou \u0161k\u00e1lu atrakc\u00ed: \u017eiv\u00e9 Vodice; M\u011bsto \u0160ibenik proslul\u00e9 katedr\u00e1lou sv. Jakuba, za\u0159azen\u00e9 do seznamu sv\u011btov\u00e9ho d\u011bdictv\u00ed UNESCO; Malebn\u00fd Skradin na b\u0159ehu \u0159eky Krky; N\u00e1rodn\u00ed park Krka, kter\u00fd m\u00e1 n\u00e1dhern\u00e9 p\u00e1dy \u0159eky Krky; Jedine\u010dn\u00e9 souostrov\u00ed Kornati, tak\u00e9 n\u00e1rodn\u00ed park, stejn\u011b jako mnoho dal\u0161\u00edch p\u0159\u00edrodn\u00edch a kulturn\u00edch kr\u00e1s Dalm\u00e1cie.<\/p>\n<\/div><\/section><\/div><div class=\"flex_column av_one_half  av-animated-generic bottom-to-top  flex_column_div av-zero-column-padding   \" style='border-radius:0px; '><section class=\"av_textblock_section\"  itemscope=\"itemscope\" itemtype=\"https:\/\/schema.org\/CreativeWork\" ><div class='avia_textblock '   itemprop=\"text\" ><p>Dal\u0161\u00ed informace o v\u0161ech t\u011bchto a dal\u0161\u00edch m\u00edstech naleznete zde:<\/p>\n<p><a title=\"Vodice\" href=\"http:\/\/www.vodice.hr\/\" target=\"_blank\" rel=\"noopener noreferrer\">http:\/\/www.vodice.hr<\/a><br \/>\n<a title=\"Kornati\" href=\"http:\/\/www.kornati.hr\/\" target=\"_blank\" rel=\"noopener noreferrer\">http:\/\/www.kornati.hr<\/a><br \/>\n<a title=\"Krka\" href=\"http:\/\/www.npkrka.hr\/\" target=\"_blank\" rel=\"noopener noreferrer\">http:\/\/www.npkrka.hr<\/a><\/p>\n<\/div><\/section><\/div>\n","protected":false},"excerpt":{"rendered":"","protected":false},"author":1,"featured_media":0,"parent":0,"menu_order":0,"comment_status":"closed","ping_status":"closed","template":"","meta":[],"acf":[],"yoast_head":"<!-- This site is optimized with the Yoast SEO plugin v19.4 - https:\/\/yoast.com\/wordpress\/plugins\/seo\/ -->\n<title>Srima - Villa D&amp;I<\/title>\n<meta name=\"robots\" content=\"index, follow, max-snippet:-1, max-image-preview:large, max-video-preview:-1\" \/>\n<link rel=\"canonical\" href=\"http:\/\/www.apartments-srima.com\/cs\/srima\/\" \/>\n<meta property=\"og:locale\" content=\"cs_CZ\" \/>\n<meta property=\"og:type\" content=\"article\" \/>\n<meta property=\"og:title\" content=\"Srima - Villa D&amp;I\" \/>\n<meta property=\"og:url\" content=\"http:\/\/www.apartments-srima.com\/cs\/srima\/\" \/>\n<meta property=\"og:site_name\" content=\"Villa D&amp;I\" \/>\n<meta property=\"article:modified_time\" content=\"2017-07-23T13:29:42+00:00\" \/>\n<meta name=\"twitter:card\" content=\"summary_large_image\" \/>\n<meta name=\"twitter:label1\" content=\"Odhadovan\u00e1 doba \u010dten\u00ed\" \/>\n\t<meta name=\"twitter:data1\" content=\"2 minuty\" \/>\n<script type=\"application\/ld+json\" class=\"yoast-schema-graph\">{\"@context\":\"https:\/\/schema.org\",\"@graph\":[{\"@type\":\"WebSite\",\"@id\":\"http:\/\/www.apartments-srima.com\/#website\",\"url\":\"http:\/\/www.apartments-srima.com\/\",\"name\":\"Villa D&amp;I\",\"description\":\"Apartments Srima\",\"potentialAction\":[{\"@type\":\"SearchAction\",\"target\":{\"@type\":\"EntryPoint\",\"urlTemplate\":\"http:\/\/www.apartments-srima.com\/?s={search_term_string}\"},\"query-input\":\"required name=search_term_string\"}],\"inLanguage\":\"cs\"},{\"@type\":\"WebPage\",\"@id\":\"http:\/\/www.apartments-srima.com\/cs\/srima\/\",\"url\":\"http:\/\/www.apartments-srima.com\/cs\/srima\/\",\"name\":\"Srima - Villa D&amp;I\",\"isPartOf\":{\"@id\":\"http:\/\/www.apartments-srima.com\/#website\"},\"datePublished\":\"2017-06-04T10:34:31+00:00\",\"dateModified\":\"2017-07-23T13:29:42+00:00\",\"breadcrumb\":{\"@id\":\"http:\/\/www.apartments-srima.com\/cs\/srima\/#breadcrumb\"},\"inLanguage\":\"cs\",\"potentialAction\":[{\"@type\":\"ReadAction\",\"target\":[\"http:\/\/www.apartments-srima.com\/cs\/srima\/\"]}]},{\"@type\":\"BreadcrumbList\",\"@id\":\"http:\/\/www.apartments-srima.com\/cs\/srima\/#breadcrumb\",\"itemListElement\":[{\"@type\":\"ListItem\",\"position\":1,\"name\":\"Home\",\"item\":\"http:\/\/www.apartments-srima.com\/\"},{\"@type\":\"ListItem\",\"position\":2,\"name\":\"Srima\"}]}]}<\/script>\n<!-- \/ Yoast SEO plugin. -->","yoast_head_json":{"title":"Srima - Villa D&amp;I","robots":{"index":"index","follow":"follow","max-snippet":"max-snippet:-1","max-image-preview":"max-image-preview:large","max-video-preview":"max-video-preview:-1"},"canonical":"http:\/\/www.apartments-srima.com\/cs\/srima\/","og_locale":"cs_CZ","og_type":"article","og_title":"Srima - Villa D&amp;I","og_url":"http:\/\/www.apartments-srima.com\/cs\/srima\/","og_site_name":"Villa D&amp;I","article_modified_time":"2017-07-23T13:29:42+00:00","twitter_card":"summary_large_image","twitter_misc":{"Odhadovan\u00e1 doba \u010dten\u00ed":"2 minuty"},"schema":{"@context":"https:\/\/schema.org","@graph":[{"@type":"WebSite","@id":"http:\/\/www.apartments-srima.com\/#website","url":"http:\/\/www.apartments-srima.com\/","name":"Villa D&amp;I","description":"Apartments Srima","potentialAction":[{"@type":"SearchAction","target":{"@type":"EntryPoint","urlTemplate":"http:\/\/www.apartments-srima.com\/?s={search_term_string}"},"query-input":"required name=search_term_string"}],"inLanguage":"cs"},{"@type":"WebPage","@id":"http:\/\/www.apartments-srima.com\/cs\/srima\/","url":"http:\/\/www.apartments-srima.com\/cs\/srima\/","name":"Srima - Villa D&amp;I","isPartOf":{"@id":"http:\/\/www.apartments-srima.com\/#website"},"datePublished":"2017-06-04T10:34:31+00:00","dateModified":"2017-07-23T13:29:42+00:00","breadcrumb":{"@id":"http:\/\/www.apartments-srima.com\/cs\/srima\/#breadcrumb"},"inLanguage":"cs","potentialAction":[{"@type":"ReadAction","target":["http:\/\/www.apartments-srima.com\/cs\/srima\/"]}]},{"@type":"BreadcrumbList","@id":"http:\/\/www.apartments-srima.com\/cs\/srima\/#breadcrumb","itemListElement":[{"@type":"ListItem","position":1,"name":"Home","item":"http:\/\/www.apartments-srima.com\/"},{"@type":"ListItem","position":2,"name":"Srima"}]}]}},"_links":{"self":[{"href":"http:\/\/www.apartments-srima.com\/cs\/wp-json\/wp\/v2\/pages\/670"}],"collection":[{"href":"http:\/\/www.apartments-srima.com\/cs\/wp-json\/wp\/v2\/pages"}],"about":[{"href":"http:\/\/www.apartments-srima.com\/cs\/wp-json\/wp\/v2\/types\/page"}],"author":[{"embeddable":true,"href":"http:\/\/www.apartments-srima.com\/cs\/wp-json\/wp\/v2\/users\/1"}],"replies":[{"embeddable":true,"href":"http:\/\/www.apartments-srima.com\/cs\/wp-json\/wp\/v2\/comments?post=670"}],"version-history":[{"count":1,"href":"http:\/\/www.apartments-srima.com\/cs\/wp-json\/wp\/v2\/pages\/670\/revisions"}],"predecessor-version":[{"id":671,"href":"http:\/\/www.apartments-srima.com\/cs\/wp-json\/wp\/v2\/pages\/670\/revisions\/671"}],"wp:attachment":[{"href":"http:\/\/www.apartments-srima.com\/cs\/wp-json\/wp\/v2\/media?parent=670"}],"curies":[{"name":"wp","href":"https:\/\/api.w.org\/{rel}","templated":true}]}}