{"id":656,"date":"2014-08-24T17:14:26","date_gmt":"2014-08-24T17:14:26","guid":{"rendered":"http:\/\/www.apartments-srima.com\/o-nama\/"},"modified":"2017-07-23T15:23:26","modified_gmt":"2017-07-23T13:23:26","slug":"o-nama","status":"publish","type":"page","link":"http:\/\/www.apartments-srima.com\/cs\/o-nama\/","title":{"rendered":"O nas"},"content":{"rendered":"<\/div><\/div><\/div><!-- close content main div --><\/div><\/div><div id='av_section_1' class='avia-section main_color avia-section-large avia-no-border-styling avia-full-stretch av-section-color-overlay-active avia-bg-style-scroll  container_wrap fullsize' style = 'background-repeat: no-repeat; background-image: url(http:\/\/www.apartments-srima.com\/wp-content\/uploads\/2014\/08\/balkon.jpg); background-attachment: scroll; background-position: center center; ' data-section-bg-repeat='stretch' ><div class='av-section-color-overlay-wrap'><div class='av-section-color-overlay' style='opacity: 0.4; background-color: #000000; '><\/div><div class='container' ><div class='template-page content  av-content-full alpha units'><div class='post-entry post-entry-type-page post-entry-656'><div class='entry-content-wrapper clearfix'>\n<div style='padding-bottom:10px;color:#ffffff;font-size:70px;' class='av-special-heading av-special-heading-h6 custom-color-heading blockquote modern-quote modern-centered  av-inherit-size'><h6 class='av-special-heading-tag'  itemprop=\"headline\"  >O nas<\/h6><div class='special-heading-border'><div class='special-heading-inner-border' style='border-color:#ffffff'><\/div><\/div><\/div>\n<\/div><\/div><\/div><!-- close content main div --><\/div><\/div><\/div><div id='av_section_2' class='avia-section main_color avia-section-default avia-no-shadow avia-bg-style-scroll  container_wrap fullsize'   ><div class='container' ><div class='template-page content  av-content-full alpha units'><div class='post-entry post-entry-type-page post-entry-656'><div class='entry-content-wrapper clearfix'>\n<div class=\"flex_column av_one_half  av-animated-generic bottom-to-top  flex_column_div av-zero-column-padding first  \" style='border-radius:0px; '><section class=\"av_textblock_section\"  itemscope=\"itemscope\" itemtype=\"https:\/\/schema.org\/CreativeWork\" ><div class='avia_textblock '   itemprop=\"text\" ><p>Pokud jste z t\u011bch, kte\u0159\u00ed si cht\u011bj\u00ed o dovolen\u00e9 skute\u010dn\u011b odpo\u010dinout, je pro V\u00e1s Srima to prav\u00e9. Vila D&amp;I se nach\u00e1z\u00ed p\u0159\u00edmo u mo\u0159e v mal\u00e9m m\u011bste\u010dku Srima, bl\u00edzko m\u011bste\u010dka Vodice a m\u011bsta \u0160ibeniku, a z jej\u00edch teras se nask\u00fdt\u00e1 v\u00fdhled na mo\u0159e, ostr\u016fvek Prvi\u0107 a na panorama Vodic.<\/p>\n<p>Vila disponuje 13 modern\u011b za\u0159\u00edzen\u00fdmi apartm\u00e1ny r\u016fzn\u00fdch velikost\u00ed a tak\u00e9 parkovi\u0161t\u011bm pro hosty. V\u0161echny apartm\u00e1ny jsou kategorizovan\u00e9 3*, jsou jednopokojov\u00e9, ale k dispozici jsou komfortn\u00ed pomocn\u00e1 l\u016f\u017eka v ob\u00fdvac\u00edm pokoji, co\u017e znamen\u00e1, \u017ee m\u00e1me k dispozici 52 l\u016f\u017eek. Apartm\u00e1ny jsou vybaven\u00e9 nov\u00fdm, kvalitn\u00edm n\u00e1bytkem a invent\u00e1\u0159em a maj\u00ed klimatizaci, co\u017e zp\u0159\u00edjemn\u00ed V\u00e1\u0161 pobyt b\u011bhem cel\u00e9ho roku, a\u0165 u\u017e pro organizovan\u00e9 skupiny nebo individu\u00e1ln\u00ed hosty, jak v sez\u00f3n\u011b, tak i b\u011bhem cel\u00e9ho roku.<\/p>\n<\/div><\/section><\/div><div class=\"flex_column av_one_half  av-animated-generic bottom-to-top  flex_column_div av-zero-column-padding   \" style='border-radius:0px; '><section class=\"av_textblock_section\"  itemscope=\"itemscope\" itemtype=\"https:\/\/schema.org\/CreativeWork\" ><div class='avia_textblock '   itemprop=\"text\" ><p>Ve vile D&amp;I je mo\u017en\u00e9 vyu\u017e\u00edvat apartm\u00e1ny s nebo bez slu\u017eby pln\u00e9 penze nebo polopenze, nebo jako slu\u017ebu p\u0159enocov\u00e1n\u00ed mimo turistickou sez\u00f3nu. V objektu se nach\u00e1z\u00ed Bistro-pizzerie \u201cIvo\u201d , a krom\u011b toho nab\u00edz\u00edme tak\u00e9 pron\u00e1jem pl\u00e1\u017eov\u00fdch leh\u00e1tek, slune\u010dn\u00edk\u016f a pron\u00e1jem j\u00edzdn\u00edch kol. Ve vzd\u00e1lenosti n\u011bkolika krok\u016f se nach\u00e1z\u00ed pl\u00e1\u017e a krat\u0161\u00ed proch\u00e1zka V\u00e1s dovede do p\u0159ekr\u00e1sn\u00e9ho m\u011bste\u010dka Vodice, zn\u00e1m\u00e9 dalmatsk\u00e9 turistick\u00e9 destinace.<\/p>\n<p>M\u011bsto \u0160ibenik, opl\u00fdvaj\u00edc\u00ed kulturn\u00edmi pam\u00e1tkami, a p\u0159\u00edrodn\u00ed kr\u00e1sy n\u00e1rodn\u00edho parku Krka jsou vzd\u00e1len\u00e9 pouh\u00fdch n\u011bkolik kilometr\u016f.\u00a0 A\u0165 u\u017e tou\u017e\u00edte po klidn\u00e9 dovolen\u00e9 na pob\u0159e\u017e\u00ed mo\u0159e, nebo po aktivn\u00ed, vypln\u011bn\u00e9 no\u010dn\u00ed z\u00e1bavou a denn\u00edmi v\u00fdlety, jste na prav\u00e9m m\u00edst\u011b.<\/p>\n<\/div><\/section><\/div><\/p>\n","protected":false},"excerpt":{"rendered":"","protected":false},"author":1,"featured_media":0,"parent":0,"menu_order":0,"comment_status":"open","ping_status":"open","template":"","meta":[],"acf":[],"yoast_head":"<!-- This site is optimized with the Yoast SEO plugin v19.4 - https:\/\/yoast.com\/wordpress\/plugins\/seo\/ -->\n<title>O nas - Villa D&amp;I<\/title>\n<meta name=\"robots\" content=\"index, follow, max-snippet:-1, max-image-preview:large, max-video-preview:-1\" \/>\n<link rel=\"canonical\" href=\"http:\/\/www.apartments-srima.com\/cs\/o-nama\/\" \/>\n<meta property=\"og:locale\" content=\"cs_CZ\" \/>\n<meta property=\"og:type\" content=\"article\" \/>\n<meta property=\"og:title\" content=\"O nas - Villa D&amp;I\" \/>\n<meta property=\"og:url\" content=\"http:\/\/www.apartments-srima.com\/cs\/o-nama\/\" \/>\n<meta property=\"og:site_name\" content=\"Villa D&amp;I\" \/>\n<meta property=\"article:modified_time\" content=\"2017-07-23T13:23:26+00:00\" \/>\n<meta name=\"twitter:card\" content=\"summary_large_image\" \/>\n<meta name=\"twitter:label1\" content=\"Odhadovan\u00e1 doba \u010dten\u00ed\" \/>\n\t<meta name=\"twitter:data1\" content=\"3 minuty\" \/>\n<script type=\"application\/ld+json\" class=\"yoast-schema-graph\">{\"@context\":\"https:\/\/schema.org\",\"@graph\":[{\"@type\":\"WebSite\",\"@id\":\"http:\/\/www.apartments-srima.com\/#website\",\"url\":\"http:\/\/www.apartments-srima.com\/\",\"name\":\"Villa D&amp;I\",\"description\":\"Apartments Srima\",\"potentialAction\":[{\"@type\":\"SearchAction\",\"target\":{\"@type\":\"EntryPoint\",\"urlTemplate\":\"http:\/\/www.apartments-srima.com\/?s={search_term_string}\"},\"query-input\":\"required name=search_term_string\"}],\"inLanguage\":\"cs\"},{\"@type\":\"WebPage\",\"@id\":\"http:\/\/www.apartments-srima.com\/cs\/o-nama\/\",\"url\":\"http:\/\/www.apartments-srima.com\/cs\/o-nama\/\",\"name\":\"O nas - Villa D&amp;I\",\"isPartOf\":{\"@id\":\"http:\/\/www.apartments-srima.com\/#website\"},\"datePublished\":\"2014-08-24T17:14:26+00:00\",\"dateModified\":\"2017-07-23T13:23:26+00:00\",\"breadcrumb\":{\"@id\":\"http:\/\/www.apartments-srima.com\/cs\/o-nama\/#breadcrumb\"},\"inLanguage\":\"cs\",\"potentialAction\":[{\"@type\":\"ReadAction\",\"target\":[\"http:\/\/www.apartments-srima.com\/cs\/o-nama\/\"]}]},{\"@type\":\"BreadcrumbList\",\"@id\":\"http:\/\/www.apartments-srima.com\/cs\/o-nama\/#breadcrumb\",\"itemListElement\":[{\"@type\":\"ListItem\",\"position\":1,\"name\":\"Home\",\"item\":\"http:\/\/www.apartments-srima.com\/\"},{\"@type\":\"ListItem\",\"position\":2,\"name\":\"O nas\"}]}]}<\/script>\n<!-- \/ Yoast SEO plugin. -->","yoast_head_json":{"title":"O nas - Villa D&amp;I","robots":{"index":"index","follow":"follow","max-snippet":"max-snippet:-1","max-image-preview":"max-image-preview:large","max-video-preview":"max-video-preview:-1"},"canonical":"http:\/\/www.apartments-srima.com\/cs\/o-nama\/","og_locale":"cs_CZ","og_type":"article","og_title":"O nas - Villa D&amp;I","og_url":"http:\/\/www.apartments-srima.com\/cs\/o-nama\/","og_site_name":"Villa D&amp;I","article_modified_time":"2017-07-23T13:23:26+00:00","twitter_card":"summary_large_image","twitter_misc":{"Odhadovan\u00e1 doba \u010dten\u00ed":"3 minuty"},"schema":{"@context":"https:\/\/schema.org","@graph":[{"@type":"WebSite","@id":"http:\/\/www.apartments-srima.com\/#website","url":"http:\/\/www.apartments-srima.com\/","name":"Villa D&amp;I","description":"Apartments Srima","potentialAction":[{"@type":"SearchAction","target":{"@type":"EntryPoint","urlTemplate":"http:\/\/www.apartments-srima.com\/?s={search_term_string}"},"query-input":"required name=search_term_string"}],"inLanguage":"cs"},{"@type":"WebPage","@id":"http:\/\/www.apartments-srima.com\/cs\/o-nama\/","url":"http:\/\/www.apartments-srima.com\/cs\/o-nama\/","name":"O nas - Villa D&amp;I","isPartOf":{"@id":"http:\/\/www.apartments-srima.com\/#website"},"datePublished":"2014-08-24T17:14:26+00:00","dateModified":"2017-07-23T13:23:26+00:00","breadcrumb":{"@id":"http:\/\/www.apartments-srima.com\/cs\/o-nama\/#breadcrumb"},"inLanguage":"cs","potentialAction":[{"@type":"ReadAction","target":["http:\/\/www.apartments-srima.com\/cs\/o-nama\/"]}]},{"@type":"BreadcrumbList","@id":"http:\/\/www.apartments-srima.com\/cs\/o-nama\/#breadcrumb","itemListElement":[{"@type":"ListItem","position":1,"name":"Home","item":"http:\/\/www.apartments-srima.com\/"},{"@type":"ListItem","position":2,"name":"O nas"}]}]}},"_links":{"self":[{"href":"http:\/\/www.apartments-srima.com\/cs\/wp-json\/wp\/v2\/pages\/656"}],"collection":[{"href":"http:\/\/www.apartments-srima.com\/cs\/wp-json\/wp\/v2\/pages"}],"about":[{"href":"http:\/\/www.apartments-srima.com\/cs\/wp-json\/wp\/v2\/types\/page"}],"author":[{"embeddable":true,"href":"http:\/\/www.apartments-srima.com\/cs\/wp-json\/wp\/v2\/users\/1"}],"replies":[{"embeddable":true,"href":"http:\/\/www.apartments-srima.com\/cs\/wp-json\/wp\/v2\/comments?post=656"}],"version-history":[{"count":2,"href":"http:\/\/www.apartments-srima.com\/cs\/wp-json\/wp\/v2\/pages\/656\/revisions"}],"predecessor-version":[{"id":658,"href":"http:\/\/www.apartments-srima.com\/cs\/wp-json\/wp\/v2\/pages\/656\/revisions\/658"}],"wp:attachment":[{"href":"http:\/\/www.apartments-srima.com\/cs\/wp-json\/wp\/v2\/media?parent=656"}],"curies":[{"name":"wp","href":"https:\/\/api.w.org\/{rel}","templated":true}]}}